{"id":8291,"date":"2023-10-14T12:32:50","date_gmt":"2023-10-14T09:32:50","guid":{"rendered":"http:\/\/band.ist\/vitamin\/?post_type=product&#038;p=8291"},"modified":"2023-10-14T12:43:32","modified_gmt":"2023-10-14T09:43:32","slug":"taze-patates","status":"publish","type":"product","link":"https:\/\/vitamintarim.com\/en\/product\/taze-patates\/","title":{"rendered":"Taze Patates"},"content":{"rendered":"<div class=\"row\">\n<div class=\"col-lg-9\">\n<div id=\"myTabContent2\" class=\"tab-content pro-desc-tab-content\">\n<div id=\"tab-description\" class=\"tab-pane fade active show\" role=\"tabpanel\" aria-labelledby=\"tab-title-description\">\n<div class=\"event-text desc-content\">\n<p>Patates, d\u00fcnya genelinde olduk\u00e7a yayg\u0131n bir sebzedir ve bir\u00e7ok farkl\u0131 \u015fekilde kullan\u0131l\u0131r. \u0130\u015fte patatesin kullan\u0131m alanlar\u0131ndan baz\u0131lar\u0131:<\/p>\n<ol>\n<li>Pi\u015firilerek t\u00fcketme: Patatesler \u00e7e\u015fitli \u015fekillerde pi\u015firilebilir ve do\u011franarak k\u0131zart\u0131labilece\u011fi gibi ha\u015flanarak da t\u00fcketilebilir. Patates k\u0131zartmas\u0131, patates cipsi, patates p\u00fcresi gibi bir\u00e7ok pop\u00fcler yemek bu \u015fekilde haz\u0131rlan\u0131r.<\/li>\n<li>Salatalar: Patates, bir\u00e7ok farkl\u0131 salatada kullan\u0131labilir. \u00d6zellikle patates salatas\u0131 \u00e7ok pop\u00fclerdir ve genellikle baharatlar ve mayonezle birle\u015ftirilerek yap\u0131l\u0131r.<\/li>\n<li>\u00c7orba: Patates bazl\u0131 \u00e7orbalar, \u00f6zellikle so\u011fuk k\u0131\u015f aylar\u0131nda \u00e7ok pop\u00fclerdir. Patates, lezzetli ve besleyici bir \u00e7orba yapmak i\u00e7in kullan\u0131labilir.<\/li>\n<li>Yemekler: Patates, bir\u00e7ok yeme\u011fe lezzet katar. \u00d6zellikle patatesli yemekler \u00e7ok pop\u00fclerdir ve patates, et yemekleri ve sebzeli yemeklerin yan\u0131 s\u0131ra, g\u00fcve\u00e7lerde de kullan\u0131labilir.<\/li>\n<li>Hamur i\u015fleri: Patates, hamur i\u015fleri i\u00e7in de kullan\u0131labilir. Patatesli b\u00f6rekler, patatesli po\u011fa\u00e7alar ve patatesli ekmek gibi bir\u00e7ok lezzetli tarif bulunmaktad\u0131r.<\/li>\n<li>At\u0131\u015ft\u0131rmal\u0131klar: Patates, bir\u00e7ok farkl\u0131 at\u0131\u015ft\u0131rmal\u0131k i\u00e7in kullan\u0131labilir. Patates k\u0131zartmas\u0131 ve patates cipsi, en pop\u00fcler patates bazl\u0131 at\u0131\u015ft\u0131rmal\u0131klardan baz\u0131lar\u0131d\u0131r.<\/li>\n<li>Konserveler: Patates konserveleri, \u00f6zellikle askeri yemeklerde ve kamp yaparken kullan\u0131m\u0131 kolay bir se\u00e7enektir.<\/li>\n<li>Hayvan yemi: Patates, hayvan yemi olarak da kullan\u0131l\u0131r. Besi hayvanlar\u0131na, \u00f6zellikle de s\u0131\u011f\u0131rlara, yemleme programlar\u0131nda patates kullan\u0131m\u0131 olduk\u00e7a yayg\u0131nd\u0131r.<\/li>\n<\/ol>\n<\/div>\n<\/div>\n<\/div>\n<\/div>\n<\/div>","protected":false},"excerpt":{"rendered":"<div class=\"group w-full text-gray-800 dark:text-gray-100 border-b border-black\/10 dark:border-gray-900\/50 bg-gray-50 dark:bg-[#444654]\">\n<div class=\"text-base gap-4 md:gap-6 md:max-w-2xl lg:max-w-xl xl:max-w-3xl p-4 md:py-6 flex lg:px-0 m-auto\">\n<div class=\"relative flex w-[calc(100%-50px)] flex-col gap-1 md:gap-3 lg:w-[calc(100%-115px)]\">\n<div class=\"flex flex-grow flex-col gap-3\">\n<div class=\"min-h-[20px] flex flex-col items-start gap-4 whitespace-pre-wrap break-words\">\n<div class=\"markdown prose w-full break-words dark:prose-invert light\">\n<div class=\"flex flex-grow flex-col gap-3\">\n<div class=\"min-h-[20px] flex flex-col items-start gap-4 whitespace-pre-wrap break-words\">\n<div class=\"markdown prose w-full break-words dark:prose-invert light\">\n<div class=\"woocommerce-product-details__short-description\">\n<div class=\"woocommerce-product-details__short-description\">\n<div class=\"woocommerce-product-details__short-description\">\n<div class=\"woocommerce-product-details__short-description\">\n<div class=\"woocommerce-product-details__short-description\">\n<div class=\"group w-full text-gray-800 dark:text-gray-100 border-b border-black\/10 dark:border-gray-900\/50 bg-gray-50 dark:bg-[#444654]\">\n<div class=\"text-base gap-4 md:gap-6 md:max-w-2xl lg:max-w-xl xl:max-w-3xl p-4 md:py-6 flex lg:px-0 m-auto\">\n<div class=\"relative flex w-[calc(100%-50px)] flex-col gap-1 md:gap-3 lg:w-[calc(100%-115px)]\">\n<div class=\"flex flex-grow flex-col gap-3\">\n<div class=\"min-h-[20px] flex flex-col items-start gap-4 whitespace-pre-wrap break-words\">\n<div class=\"markdown prose w-full break-words dark:prose-invert light\">\n<div class=\"woocommerce-product-details__short-description\">\n<div class=\"woocommerce-product-details__short-description\">\n<p>Taze patates, genellikle farkl\u0131 yemeklerin yap\u0131m\u0131nda kullan\u0131l\u0131r. Taze patates, yemeklerde garnit\u00fcr olarak veya \u00e7e\u015fitli salatalarda kullan\u0131labilir. Ayr\u0131ca, patates salatas\u0131 ve patates p\u00fcresi gibi tariflerde de taze patates kullan\u0131l\u0131r.<\/p>\n<h3>Patates Faydalar\u0131 Nelerdir?<\/h3>\n<p>Patates, sa\u011fl\u0131k a\u00e7\u0131s\u0131ndan bir\u00e7ok faydas\u0131 olan bir besindir. Baz\u0131 patates faydalar\u0131 \u015funlard\u0131r:<\/p>\n<ul>\n<li>Kalp sa\u011fl\u0131\u011f\u0131: Patates, kalp sa\u011fl\u0131\u011f\u0131n\u0131 destekleyen potasyum bak\u0131m\u0131ndan zengindir. Potasyum, y\u00fcksek tansiyonu azaltarak kalp sa\u011fl\u0131\u011f\u0131n\u0131 koruyabilir.<\/li>\n<li>Sindirim sa\u011fl\u0131\u011f\u0131: Patates, sindirim sa\u011fl\u0131\u011f\u0131n\u0131 destekleyen lif bak\u0131m\u0131ndan zengindir. Lif, ba\u011f\u0131rsak hareketlerini d\u00fczenleyerek kab\u0131zl\u0131\u011f\u0131 \u00f6nleyebilir.<\/li>\n<li>Cilt sa\u011fl\u0131\u011f\u0131: Patates, cilt sa\u011fl\u0131\u011f\u0131n\u0131 destekleyen C vitamini bak\u0131m\u0131ndan zengindir. C vitamini, ciltteki kolajen \u00fcretimini art\u0131rarak cildin daha sa\u011fl\u0131kl\u0131 g\u00f6r\u00fcnmesini sa\u011flayabilir.<\/li>\n<li>Kemik sa\u011fl\u0131\u011f\u0131: Patates, kemik sa\u011fl\u0131\u011f\u0131 i\u00e7in \u00f6nemli olan fosfor bak\u0131m\u0131ndan zengindir. Fosfor, kemiklerin g\u00fc\u00e7lenmesine yard\u0131mc\u0131 olabilir.<\/li>\n<li>\u0130mm\u00fcn sistem: Patates, ba\u011f\u0131\u015f\u0131kl\u0131k sistemi sa\u011fl\u0131\u011f\u0131 i\u00e7in \u00f6nemli olan B6 vitamini bak\u0131m\u0131ndan zengindir. B6 vitamini, ba\u011f\u0131\u015f\u0131kl\u0131k sistemi h\u00fccrelerinin \u00fcretimini art\u0131rarak hastal\u0131klara kar\u015f\u0131 koruma sa\u011flayabilir.<\/li>\n<\/ul>\n<\/div>\n<\/div>\n<\/div>\n<\/div>\n<\/div>\n<\/div>\n<\/div>\n<\/div>\n<\/div>\n<\/div>\n<\/div>\n<\/div>\n<\/div>\n<\/div>\n<\/div>\n<\/div>\n<\/div>\n<\/div>\n<\/div>\n<\/div>\n<\/div>\n<\/div>\n","protected":false},"featured_media":8292,"comment_status":"open","ping_status":"closed","template":"","meta":[],"etheme_brands":[],"product_brand":[],"product_cat":[68],"product_tag":[90,83,124],"class_list":{"0":"post-8291","1":"product","2":"type-product","3":"status-publish","4":"has-post-thumbnail","6":"product_cat-sebze","7":"product_tag-patates","8":"product_tag-sebze","9":"product_tag-taze-patates","11":"first","12":"instock","13":"shipping-taxable","14":"product-type-simple"},"_links":{"self":[{"href":"https:\/\/vitamintarim.com\/en\/wp-json\/wp\/v2\/product\/8291","targetHints":{"allow":["GET"]}}],"collection":[{"href":"https:\/\/vitamintarim.com\/en\/wp-json\/wp\/v2\/product"}],"about":[{"href":"https:\/\/vitamintarim.com\/en\/wp-json\/wp\/v2\/types\/product"}],"replies":[{"embeddable":true,"href":"https:\/\/vitamintarim.com\/en\/wp-json\/wp\/v2\/comments?post=8291"}],"version-history":[{"count":1,"href":"https:\/\/vitamintarim.com\/en\/wp-json\/wp\/v2\/product\/8291\/revisions"}],"predecessor-version":[{"id":8293,"href":"https:\/\/vitamintarim.com\/en\/wp-json\/wp\/v2\/product\/8291\/revisions\/8293"}],"wp:featuredmedia":[{"embeddable":true,"href":"https:\/\/vitamintarim.com\/en\/wp-json\/wp\/v2\/media\/8292"}],"wp:attachment":[{"href":"https:\/\/vitamintarim.com\/en\/wp-json\/wp\/v2\/media?parent=8291"}],"wp:term":[{"taxonomy":"brand","embeddable":true,"href":"https:\/\/vitamintarim.com\/en\/wp-json\/wp\/v2\/etheme_brands?post=8291"},{"taxonomy":"product_brand","embeddable":true,"href":"https:\/\/vitamintarim.com\/en\/wp-json\/wp\/v2\/product_brand?post=8291"},{"taxonomy":"product_cat","embeddable":true,"href":"https:\/\/vitamintarim.com\/en\/wp-json\/wp\/v2\/product_cat?post=8291"},{"taxonomy":"product_tag","embeddable":true,"href":"https:\/\/vitamintarim.com\/en\/wp-json\/wp\/v2\/product_tag?post=8291"}],"curies":[{"name":"wp","href":"https:\/\/api.w.org\/{rel}","templated":true}]}}