{"id":8279,"date":"2023-10-14T11:46:16","date_gmt":"2023-10-14T08:46:16","guid":{"rendered":"http:\/\/band.ist\/vitamin\/?post_type=product&#038;p=8279"},"modified":"2023-10-14T11:47:38","modified_gmt":"2023-10-14T08:47:38","slug":"kumkuat","status":"publish","type":"product","link":"https:\/\/vitamintarim.com\/en\/product\/kumkuat\/","title":{"rendered":"Kumkuat"},"content":{"rendered":"<div class=\"row\">\n<div class=\"col-lg-9\">\n<div id=\"myTabContent2\" class=\"tab-content pro-desc-tab-content\">\n<div id=\"tab-description\" class=\"tab-pane fade active show\" role=\"tabpanel\" aria-labelledby=\"tab-title-description\">\n<div class=\"event-text desc-content\">\n<p>Kumkuat, bir turun\u00e7gil t\u00fcr\u00fcd\u00fcr ve bir\u00e7ok farkl\u0131 kullan\u0131m alan\u0131 vard\u0131r. \u0130\u015fte kumkuat\u0131n baz\u0131 kullan\u0131m alanlar\u0131:<\/p>\n<ol>\n<li>G\u0131da: Kumkuat, yemeklerde, tatl\u0131larda, i\u00e7eceklerde ve tur\u015fularda kullan\u0131labilir. Ayr\u0131ca re\u00e7el ve marmelat yapmak i\u00e7in de kullan\u0131labilir.<\/li>\n<li>Kozmetik: Kumkuat, cilt bak\u0131m\u0131nda kullan\u0131lan bir\u00e7ok \u00fcr\u00fcnde bulunabilir. \u00d6zellikle antioksidan \u00f6zellikleri sayesinde cildi besler ve korur.<\/li>\n<li>Temizlik: Kumkuat, temizlik \u00fcr\u00fcnlerinde kullan\u0131labilir. \u00d6zellikle kabartma tozu ile kar\u0131\u015ft\u0131r\u0131ld\u0131\u011f\u0131nda, temizleyici ve dezenfektan \u00f6zellikleri sayesinde y\u00fczeylerdeki kir ve lekeleri temizleyebilir.<\/li>\n<li>T\u0131bbi kullan\u0131m: Kumkuat, geleneksel t\u0131pta baz\u0131 hastal\u0131klar\u0131n tedavisi i\u00e7in kullan\u0131l\u0131r. \u00d6zellikle so\u011fuk alg\u0131nl\u0131\u011f\u0131, grip ve sindirim sorunlar\u0131 gibi rahats\u0131zl\u0131klara iyi gelir.<\/li>\n<li>Aromaterapi: Kumkuat, aromaterapi ya\u011flar\u0131 olarak kullan\u0131labilir. Kokusu rahatlat\u0131c\u0131 ve enerji verici \u00f6zelliklere sahiptir.<\/li>\n<li>S\u00fcs bitkisi: Kumkuat, dekoratif bitki olarak yeti\u015ftirilebilir ve evde veya bah\u00e7ede kullan\u0131labilir.<\/li>\n<\/ol>\n<p>Kumkuat, \u00e7ok y\u00f6nl\u00fc bir kullan\u0131ma sahip olan sa\u011fl\u0131kl\u0131 bir turun\u00e7gil t\u00fcr\u00fcd\u00fcr. Faydal\u0131 \u00f6zellikleri ile hem yemeklerde hem de kozmetik ve temizlik \u00fcr\u00fcnlerinde kullan\u0131labilir.<\/p>\n<p>.<\/p>\n<\/div>\n<\/div>\n<\/div>\n<\/div>\n<\/div>","protected":false},"excerpt":{"rendered":"<div class=\"group w-full text-gray-800 dark:text-gray-100 border-b border-black\/10 dark:border-gray-900\/50 bg-gray-50 dark:bg-[#444654]\">\n<div class=\"text-base gap-4 md:gap-6 md:max-w-2xl lg:max-w-xl xl:max-w-3xl p-4 md:py-6 flex lg:px-0 m-auto\">\n<div class=\"relative flex w-[calc(100%-50px)] flex-col gap-1 md:gap-3 lg:w-[calc(100%-115px)]\">\n<div class=\"flex flex-grow flex-col gap-3\">\n<div class=\"min-h-[20px] flex flex-col items-start gap-4 whitespace-pre-wrap break-words\">\n<div class=\"markdown prose w-full break-words dark:prose-invert light\">\n<div class=\"flex flex-grow flex-col gap-3\">\n<div class=\"min-h-[20px] flex flex-col items-start gap-4 whitespace-pre-wrap break-words\">\n<div class=\"markdown prose w-full break-words dark:prose-invert light\">\n<div class=\"woocommerce-product-details__short-description\">\n<div class=\"woocommerce-product-details__short-description\">\n<div class=\"woocommerce-product-details__short-description\">\n<div class=\"woocommerce-product-details__short-description\">\n<div class=\"woocommerce-product-details__short-description\">\n<div class=\"group w-full text-gray-800 dark:text-gray-100 border-b border-black\/10 dark:border-gray-900\/50 bg-gray-50 dark:bg-[#444654]\">\n<div class=\"text-base gap-4 md:gap-6 md:max-w-2xl lg:max-w-xl xl:max-w-3xl p-4 md:py-6 flex lg:px-0 m-auto\">\n<div class=\"relative flex w-[calc(100%-50px)] flex-col gap-1 md:gap-3 lg:w-[calc(100%-115px)]\">\n<div class=\"flex flex-grow flex-col gap-3\">\n<div class=\"min-h-[20px] flex flex-col items-start gap-4 whitespace-pre-wrap break-words\">\n<div class=\"markdown prose w-full break-words dark:prose-invert light\">\n<div class=\"woocommerce-product-details__short-description\">\n<p>Kumkuat, Citrus japonica olarak da bilinen, turun\u00e7giller ailesine ait bir meyvedir. K\u00fc\u00e7\u00fck, yuvarlak ve portakal rengindeki meyveleri, ek\u015fi ve tatl\u0131 bir tada sahiptir. Kabuklar\u0131 yenilebilir ve meyveler genellikle kabuklar\u0131yla birlikte t\u00fcketilir. Kumkuat a\u011fac\u0131, G\u00fcneydo\u011fu Asya, Japonya ve Avustralya\u2019da yeti\u015fir ve s\u0131cak, nemli iklimleri tercih eder. Kumkuat, C vitamini, A vitamini, potasyum ve lif gibi \u00e7e\u015fitli besin maddeleri i\u00e7erir. Ayr\u0131ca, antioksidan \u00f6zellikleri sayesinde sa\u011fl\u0131kl\u0131 bir besindir.<\/p>\n<h3>Kumkuat Faydalar\u0131 Nelerdir?<\/h3>\n<p>Kumkuat, sa\u011fl\u0131kl\u0131 bir besin olarak kabul edilir ve bir\u00e7ok faydaya sahip olabilir. \u0130\u015fte kumkuat\u0131n sa\u011fl\u0131k a\u00e7\u0131s\u0131ndan faydalar\u0131ndan baz\u0131lar\u0131:<\/p>\n<ul>\n<li>C vitamini kayna\u011f\u0131: Kumkuat, C vitamini bak\u0131m\u0131ndan zengin bir meyvedir. Bu vitamin, ba\u011f\u0131\u015f\u0131kl\u0131k sisteminizi g\u00fc\u00e7lendirerek enfeksiyonlara kar\u015f\u0131 korunman\u0131za yard\u0131mc\u0131 olur.<\/li>\n<li>Antioksidan kayna\u011f\u0131: Kumkuat, antioksidan \u00f6zellikleri olan bile\u015fikler i\u00e7erir. Bu bile\u015fikler, serbest radikallerin zararl\u0131 etkilerine kar\u015f\u0131 sava\u015farak h\u00fccrelerinizi korur.<\/li>\n<li>Sindirim sa\u011fl\u0131\u011f\u0131: Kumkuat, sindirim sa\u011fl\u0131\u011f\u0131na yard\u0131mc\u0131 olan lif i\u00e7erir. Ayr\u0131ca, sindirim enzimlerinin salg\u0131lanmas\u0131na yard\u0131mc\u0131 olur ve sindirim sisteminin d\u00fczenli \u00e7al\u0131\u015fmas\u0131na yard\u0131mc\u0131 olur.<\/li>\n<\/ul>\n<\/div>\n<div class=\"yith-wcwl-add-to-wishlist add-to-wishlist-3844  wishlist-fragment on-first-load\" data-fragment-ref=\"3844\" data-fragment-options=\"{&quot;base_url&quot;:&quot;&quot;,&quot;in_default_wishlist&quot;:false,&quot;is_single&quot;:true,&quot;show_exists&quot;:false,&quot;product_id&quot;:3844,&quot;parent_product_id&quot;:3844,&quot;product_type&quot;:&quot;simple&quot;,&quot;show_view&quot;:true,&quot;browse_wishlist_text&quot;:&quot;Browse wishlist&quot;,&quot;already_in_wishslist_text&quot;:&quot;The product is already in your wishlist!&quot;,&quot;product_added_text&quot;:&quot;\\u00dcr\\u00fcn eklendi!&quot;,&quot;heading_icon&quot;:&quot;fa-heart-o&quot;,&quot;available_multi_wishlist&quot;:false,&quot;disable_wishlist&quot;:false,&quot;show_count&quot;:false,&quot;ajax_loading&quot;:false,&quot;loop_position&quot;:&quot;after_add_to_cart&quot;,&quot;item&quot;:&quot;add_to_wishlist&quot;}\">\n<div class=\"yith-wcwl-add-button\"><\/div>\n<\/div>\n<\/div>\n<\/div>\n<\/div>\n<\/div>\n<\/div>\n<\/div>\n<\/div>\n<\/div>\n<\/div>\n<\/div>\n<\/div>\n<\/div>\n<\/div>\n<\/div>\n<\/div>\n<\/div>\n<\/div>\n<\/div>\n<\/div>\n<\/div>\n","protected":false},"featured_media":8280,"comment_status":"open","ping_status":"closed","template":"","meta":[],"etheme_brands":[],"product_brand":[],"product_cat":[66,15],"product_tag":[120,78,119],"class_list":{"0":"post-8279","1":"product","2":"type-product","3":"status-publish","4":"has-post-thumbnail","6":"product_cat-meyve","7":"product_cat-narenciye","8":"product_tag-kumkuat","9":"product_tag-meyve","10":"product_tag-narenciye","12":"first","13":"instock","14":"shipping-taxable","15":"product-type-simple"},"_links":{"self":[{"href":"https:\/\/vitamintarim.com\/en\/wp-json\/wp\/v2\/product\/8279","targetHints":{"allow":["GET"]}}],"collection":[{"href":"https:\/\/vitamintarim.com\/en\/wp-json\/wp\/v2\/product"}],"about":[{"href":"https:\/\/vitamintarim.com\/en\/wp-json\/wp\/v2\/types\/product"}],"replies":[{"embeddable":true,"href":"https:\/\/vitamintarim.com\/en\/wp-json\/wp\/v2\/comments?post=8279"}],"version-history":[{"count":1,"href":"https:\/\/vitamintarim.com\/en\/wp-json\/wp\/v2\/product\/8279\/revisions"}],"predecessor-version":[{"id":8281,"href":"https:\/\/vitamintarim.com\/en\/wp-json\/wp\/v2\/product\/8279\/revisions\/8281"}],"wp:featuredmedia":[{"embeddable":true,"href":"https:\/\/vitamintarim.com\/en\/wp-json\/wp\/v2\/media\/8280"}],"wp:attachment":[{"href":"https:\/\/vitamintarim.com\/en\/wp-json\/wp\/v2\/media?parent=8279"}],"wp:term":[{"taxonomy":"brand","embeddable":true,"href":"https:\/\/vitamintarim.com\/en\/wp-json\/wp\/v2\/etheme_brands?post=8279"},{"taxonomy":"product_brand","embeddable":true,"href":"https:\/\/vitamintarim.com\/en\/wp-json\/wp\/v2\/product_brand?post=8279"},{"taxonomy":"product_cat","embeddable":true,"href":"https:\/\/vitamintarim.com\/en\/wp-json\/wp\/v2\/product_cat?post=8279"},{"taxonomy":"product_tag","embeddable":true,"href":"https:\/\/vitamintarim.com\/en\/wp-json\/wp\/v2\/product_tag?post=8279"}],"curies":[{"name":"wp","href":"https:\/\/api.w.org\/{rel}","templated":true}]}}