{"id":8273,"date":"2023-10-14T11:43:58","date_gmt":"2023-10-14T08:43:58","guid":{"rendered":"http:\/\/band.ist\/vitamin\/?post_type=product&#038;p=8273"},"modified":"2023-10-14T11:43:58","modified_gmt":"2023-10-14T08:43:58","slug":"ispanak","status":"publish","type":"product","link":"https:\/\/vitamintarim.com\/en\/product\/ispanak\/","title":{"rendered":"Ispanak"},"content":{"rendered":"<div class=\"row\">\n<div class=\"col-lg-9\">\n<div id=\"myTabContent2\" class=\"tab-content pro-desc-tab-content\">\n<div id=\"tab-description\" class=\"tab-pane fade active show\" role=\"tabpanel\" aria-labelledby=\"tab-title-description\">\n<div class=\"event-text desc-content\">\n<p>Ispanak, \u00e7ok y\u00f6nl\u00fc bir sebze olup \u00e7e\u015fitli \u015fekillerde kullan\u0131labilir. \u0130\u015fte \u0131spanak kullan\u0131m alanlar\u0131ndan baz\u0131lar\u0131:<\/p>\n<ol>\n<li>Salata yap\u0131m\u0131: Ispanak, bir\u00e7ok farkl\u0131 salatan\u0131n ana bile\u015fenlerinden biridir. Taze \u0131spanak yapraklar\u0131, di\u011fer ye\u015fil yaprakl\u0131 sebzelerle birlikte veya tek ba\u015f\u0131na t\u00fcketilebilir.<\/li>\n<li>Yemek pi\u015firme: Ispanak, bir\u00e7ok yemekte kullan\u0131labilen bir sebzedir. \u00d6rne\u011fin, \u0131spanakl\u0131 krep, \u0131spanakl\u0131 quiche, \u0131spanakl\u0131 lasagne veya \u0131spanakl\u0131 dolma gibi yemekler haz\u0131rlanabilir.<\/li>\n<li>Smoothie yap\u0131m\u0131: Ispanak, sa\u011fl\u0131kl\u0131 smoothie\u2019lerin ana bile\u015fenlerinden biridir. Ispanakl\u0131 smoothie\u2019ler, farkl\u0131 meyveler, s\u00fct veya yo\u011furt ve tatland\u0131r\u0131c\u0131larla haz\u0131rlanabilir.<\/li>\n<li>Dondurulmu\u015f yemekler: Ispanak, dondurulmu\u015f yemeklerde s\u0131k\u00e7a kullan\u0131lan bir sebzedir. \u00d6rne\u011fin, dondurulmu\u015f \u0131spanakl\u0131 pizza, \u0131spanakl\u0131 \u00e7orba veya \u0131spanakl\u0131 garnit\u00fcr gibi yemekler haz\u0131rlanabilir.<\/li>\n<li>Bebek beslenmesi: Ispanak, bebekler i\u00e7in sa\u011fl\u0131kl\u0131 bir besindir. Ispanak p\u00fcresi veya \u0131spanakl\u0131 bebek yemekleri haz\u0131rlanabilir.<\/li>\n<\/ol>\n<p>Ispanak, lezzetli ve besleyici bir sebze olup \u00e7e\u015fitli \u015fekillerde kullan\u0131labilir. Ispana\u011f\u0131 taze veya dondurulmu\u015f olarak bulabilirsiniz. Ayr\u0131ca, \u0131spana\u011f\u0131n \u00e7i\u011f veya pi\u015fmi\u015f olarak t\u00fcketilebildi\u011fini unutmay\u0131n.<\/p>\n<\/div>\n<\/div>\n<\/div>\n<\/div>\n<\/div>","protected":false},"excerpt":{"rendered":"<div class=\"group w-full text-gray-800 dark:text-gray-100 border-b border-black\/10 dark:border-gray-900\/50 bg-gray-50 dark:bg-[#444654]\">\n<div class=\"text-base gap-4 md:gap-6 md:max-w-2xl lg:max-w-xl xl:max-w-3xl p-4 md:py-6 flex lg:px-0 m-auto\">\n<div class=\"relative flex w-[calc(100%-50px)] flex-col gap-1 md:gap-3 lg:w-[calc(100%-115px)]\">\n<div class=\"flex flex-grow flex-col gap-3\">\n<div class=\"min-h-[20px] flex flex-col items-start gap-4 whitespace-pre-wrap break-words\">\n<div class=\"markdown prose w-full break-words dark:prose-invert light\">\n<div class=\"flex flex-grow flex-col gap-3\">\n<div class=\"min-h-[20px] flex flex-col items-start gap-4 whitespace-pre-wrap break-words\">\n<div class=\"markdown prose w-full break-words dark:prose-invert light\">\n<div class=\"woocommerce-product-details__short-description\">\n<div class=\"woocommerce-product-details__short-description\">\n<div class=\"woocommerce-product-details__short-description\">\n<div class=\"woocommerce-product-details__short-description\">\n<div class=\"woocommerce-product-details__short-description\">\n<div class=\"group w-full text-gray-800 dark:text-gray-100 border-b border-black\/10 dark:border-gray-900\/50 bg-gray-50 dark:bg-[#444654]\">\n<div class=\"text-base gap-4 md:gap-6 md:max-w-2xl lg:max-w-xl xl:max-w-3xl p-4 md:py-6 flex lg:px-0 m-auto\">\n<div class=\"relative flex w-[calc(100%-50px)] flex-col gap-1 md:gap-3 lg:w-[calc(100%-115px)]\">\n<div class=\"flex flex-grow flex-col gap-3\">\n<div class=\"min-h-[20px] flex flex-col items-start gap-4 whitespace-pre-wrap break-words\">\n<div class=\"markdown prose w-full break-words dark:prose-invert light\">\n<p>Ispanak, yuvarlak, d\u00fcz veya k\u0131vr\u0131ml\u0131 ye\u015fil yapraklar\u0131 olan bir sebzedir. Bilimsel olarak Spinacia oleracea olarak adland\u0131r\u0131l\u0131r ve genellikle salatalar, yemekler, \u00e7orba ve smoothie\u2019lerde kullan\u0131l\u0131r. Ispana\u011f\u0131n y\u00fcksek miktarda C vitamini, demir, kalsiyum ve di\u011fer vitaminler ve mineraller i\u00e7erdi\u011fi bilinmektedir. Ayn\u0131 zamanda, \u0131spanak antioksidan \u00f6zellikleriyle de bilinir ve sa\u011fl\u0131kl\u0131 bir diyetin \u00f6nemli bir par\u00e7as\u0131d\u0131r.<\/p>\n<h3>Ispanak Faydalar\u0131 Nelerdir?<\/h3>\n<p>Ispana\u011f\u0131n bir\u00e7ok sa\u011fl\u0131k faydas\u0131 vard\u0131r. Baz\u0131lar\u0131 \u015funlard\u0131r:<\/p>\n<ul>\n<li>Ba\u011f\u0131\u015f\u0131kl\u0131k sistemi g\u00fc\u00e7lendirici: Ispanak, y\u00fcksek miktarda C vitamini i\u00e7erir, bu nedenle ba\u011f\u0131\u015f\u0131kl\u0131k sisteminizi g\u00fc\u00e7lendirebilir.<\/li>\n<li>Demir kayna\u011f\u0131: Ispanak, y\u00fcksek miktarda demir i\u00e7erir, bu nedenle anemi (kans\u0131zl\u0131k) riskini azaltmaya yard\u0131mc\u0131 olabilir.<\/li>\n<li>G\u00f6z sa\u011fl\u0131\u011f\u0131: Ispanak, y\u00fcksek miktarda A vitamini i\u00e7erir, bu nedenle g\u00f6z sa\u011fl\u0131\u011f\u0131 i\u00e7in \u00f6nemlidir.<\/li>\n<li>Kanser riskini azalt\u0131c\u0131: Ispanak, antioksidanlar a\u00e7\u0131s\u0131ndan zengindir, bu nedenle kanser riskini azaltmaya yard\u0131mc\u0131 olabilir.<\/li>\n<\/ul>\n<\/div>\n<\/div>\n<\/div>\n<\/div>\n<\/div>\n<\/div>\n<\/div>\n<div class=\"yith-wcwl-add-to-wishlist add-to-wishlist-3839  wishlist-fragment on-first-load\" data-fragment-ref=\"3839\" data-fragment-options=\"{&quot;base_url&quot;:&quot;&quot;,&quot;in_default_wishlist&quot;:false,&quot;is_single&quot;:true,&quot;show_exists&quot;:false,&quot;product_id&quot;:3839,&quot;parent_product_id&quot;:3839,&quot;product_type&quot;:&quot;simple&quot;,&quot;show_view&quot;:true,&quot;browse_wishlist_text&quot;:&quot;Browse wishlist&quot;,&quot;already_in_wishslist_text&quot;:&quot;The product is already in your wishlist!&quot;,&quot;product_added_text&quot;:&quot;\\u00dcr\\u00fcn eklendi!&quot;,&quot;heading_icon&quot;:&quot;fa-heart-o&quot;,&quot;available_multi_wishlist&quot;:false,&quot;disable_wishlist&quot;:false,&quot;show_count&quot;:false,&quot;ajax_loading&quot;:false,&quot;loop_position&quot;:&quot;after_add_to_cart&quot;,&quot;item&quot;:&quot;add_to_wishlist&quot;}\">\n<div class=\"yith-wcwl-add-button\"><\/div>\n<\/div>\n<\/div>\n<\/div>\n<\/div>\n<\/div>\n<\/div>\n<\/div>\n<\/div>\n<\/div>\n<\/div>\n<\/div>\n<\/div>\n<\/div>\n<\/div>\n","protected":false},"featured_media":8274,"comment_status":"open","ping_status":"closed","template":"","meta":[],"etheme_brands":[],"product_brand":[],"product_cat":[75],"product_tag":[95,83],"class_list":{"0":"post-8273","1":"product","2":"type-product","3":"status-publish","4":"has-post-thumbnail","6":"product_cat-yesillik","7":"product_tag-ispanak","8":"product_tag-sebze","10":"first","11":"instock","12":"shipping-taxable","13":"product-type-simple"},"_links":{"self":[{"href":"https:\/\/vitamintarim.com\/en\/wp-json\/wp\/v2\/product\/8273","targetHints":{"allow":["GET"]}}],"collection":[{"href":"https:\/\/vitamintarim.com\/en\/wp-json\/wp\/v2\/product"}],"about":[{"href":"https:\/\/vitamintarim.com\/en\/wp-json\/wp\/v2\/types\/product"}],"replies":[{"embeddable":true,"href":"https:\/\/vitamintarim.com\/en\/wp-json\/wp\/v2\/comments?post=8273"}],"version-history":[{"count":1,"href":"https:\/\/vitamintarim.com\/en\/wp-json\/wp\/v2\/product\/8273\/revisions"}],"predecessor-version":[{"id":8275,"href":"https:\/\/vitamintarim.com\/en\/wp-json\/wp\/v2\/product\/8273\/revisions\/8275"}],"wp:featuredmedia":[{"embeddable":true,"href":"https:\/\/vitamintarim.com\/en\/wp-json\/wp\/v2\/media\/8274"}],"wp:attachment":[{"href":"https:\/\/vitamintarim.com\/en\/wp-json\/wp\/v2\/media?parent=8273"}],"wp:term":[{"taxonomy":"brand","embeddable":true,"href":"https:\/\/vitamintarim.com\/en\/wp-json\/wp\/v2\/etheme_brands?post=8273"},{"taxonomy":"product_brand","embeddable":true,"href":"https:\/\/vitamintarim.com\/en\/wp-json\/wp\/v2\/product_brand?post=8273"},{"taxonomy":"product_cat","embeddable":true,"href":"https:\/\/vitamintarim.com\/en\/wp-json\/wp\/v2\/product_cat?post=8273"},{"taxonomy":"product_tag","embeddable":true,"href":"https:\/\/vitamintarim.com\/en\/wp-json\/wp\/v2\/product_tag?post=8273"}],"curies":[{"name":"wp","href":"https:\/\/api.w.org\/{rel}","templated":true}]}}