{"id":8270,"date":"2023-10-14T11:34:31","date_gmt":"2023-10-14T08:34:31","guid":{"rendered":"http:\/\/band.ist\/vitamin\/?post_type=product&#038;p=8270"},"modified":"2023-10-14T11:36:26","modified_gmt":"2023-10-14T08:36:26","slug":"havuc","status":"publish","type":"product","link":"https:\/\/vitamintarim.com\/en\/product\/havuc\/","title":{"rendered":"Havu\u00e7"},"content":{"rendered":"<div class=\"row\">\n<div class=\"col-lg-9\">\n<div id=\"myTabContent2\" class=\"tab-content pro-desc-tab-content\">\n<div id=\"tab-description\" class=\"tab-pane fade active show\" role=\"tabpanel\" aria-labelledby=\"tab-title-description\">\n<div class=\"event-text desc-content\">\n<p>Havu\u00e7, \u00e7ok y\u00f6nl\u00fc bir sebzedir ve bir\u00e7ok farkl\u0131 yemek ve tarifte kullan\u0131labilir. \u0130\u015fte havu\u00e7 kullan\u0131m alanlar\u0131ndan baz\u0131lar\u0131:<\/p>\n<ol>\n<li>Salatalar: Havu\u00e7, \u00e7i\u011f veya pi\u015fmi\u015f olarak salatalarda kullan\u0131labilir. Salataya renk, lezzet ve besin de\u011feri katar.<\/li>\n<li>\u00c7orba ve soslar: Havu\u00e7, \u00e7orbalar ve soslar i\u00e7in harika bir katk\u0131 maddesi olabilir. Havu\u00e7lu \u00e7orbalar, \u00f6zellikle k\u0131\u015f aylar\u0131nda s\u0131cak bir yemek olarak tercih edilir.<\/li>\n<li>Bebek mamalar\u0131: Havu\u00e7, bebekler i\u00e7in sa\u011fl\u0131kl\u0131 ve besleyici bir sebzedir. P\u00fcre haline getirilerek bebek mamalar\u0131nda kullan\u0131labilir.<\/li>\n<li>K\u0131zartmalar: Havu\u00e7, k\u0131zarm\u0131\u015f yemeklerde kullan\u0131labilir. Havu\u00e7 k\u0131zartmas\u0131 veya k\u0131zarm\u0131\u015f havu\u00e7lu yemekler, lezzetli bir at\u0131\u015ft\u0131rmal\u0131k veya yan yemek olarak servis edilebilir.<\/li>\n<li>Tatl\u0131lar: Havu\u00e7, tatl\u0131 tariflerinde de kullan\u0131labilir. Havu\u00e7lu kek, havu\u00e7lu turta veya havu\u00e7lu \u015fekerlemeler, sa\u011fl\u0131kl\u0131 ve lezzetli tatl\u0131 se\u00e7enekleri aras\u0131ndad\u0131r.<\/li>\n<li>Garnit\u00fcr: Havu\u00e7, yemeklerin yan\u0131nda garnit\u00fcr olarak kullan\u0131labilir. Dilimlenmi\u015f veya rendelenmi\u015f havu\u00e7, yemeklere renk ve lezzet katar.<\/li>\n<\/ol>\n<p>Havu\u00e7, \u00e7ok y\u00f6nl\u00fc bir sebze oldu\u011fu i\u00e7in kullan\u0131m alanlar\u0131 olduk\u00e7a geni\u015ftir. Ayr\u0131ca, havu\u00e7 y\u00fcksek miktarda A vitamini, lif, C vitamini ve di\u011fer besin \u00f6\u011feleri i\u00e7erir, bu nedenle sa\u011fl\u0131kl\u0131 bir se\u00e7enektir.<\/p>\n<\/div>\n<\/div>\n<\/div>\n<\/div>\n<\/div>","protected":false},"excerpt":{"rendered":"<div class=\"group w-full text-gray-800 dark:text-gray-100 border-b border-black\/10 dark:border-gray-900\/50 bg-gray-50 dark:bg-[#444654]\">\n<div class=\"text-base gap-4 md:gap-6 md:max-w-2xl lg:max-w-xl xl:max-w-3xl p-4 md:py-6 flex lg:px-0 m-auto\">\n<div class=\"relative flex w-[calc(100%-50px)] flex-col gap-1 md:gap-3 lg:w-[calc(100%-115px)]\">\n<div class=\"flex flex-grow flex-col gap-3\">\n<div class=\"min-h-[20px] flex flex-col items-start gap-4 whitespace-pre-wrap break-words\">\n<div class=\"markdown prose w-full break-words dark:prose-invert light\">\n<div class=\"flex flex-grow flex-col gap-3\">\n<div class=\"min-h-[20px] flex flex-col items-start gap-4 whitespace-pre-wrap break-words\">\n<div class=\"markdown prose w-full break-words dark:prose-invert light\">\n<div class=\"woocommerce-product-details__short-description\">\n<div class=\"woocommerce-product-details__short-description\">\n<div class=\"woocommerce-product-details__short-description\">\n<div class=\"woocommerce-product-details__short-description\">\n<p>Havu\u00e7, sar\u0131, turuncu, k\u0131rm\u0131z\u0131, mor, siyah veya beyaz renklerdeki uzun, sivri u\u00e7lu bir k\u00f6k sebzesidir. Latince ad\u0131 \u201cDaucus carota\u201d olan havu\u00e7, Apiaceae ailesine aittir. D\u00fcnya genelinde yayg\u0131n olarak yeti\u015ftirilir ve y\u0131l boyunca taze veya dondurulmu\u015f olarak bulunabilir. Havu\u00e7, y\u00fcksek miktarda A vitamini i\u00e7erir ve beta-karoten olarak bilinen bir antioksidan i\u00e7erir. Ayr\u0131ca, C vitamini, lif, potasyum, folat ve di\u011fer mineraller a\u00e7\u0131s\u0131ndan da zengindir. Sa\u011fl\u0131kl\u0131 bir sebze olarak kabul edilir ve \u00e7i\u011f veya pi\u015fmi\u015f olarak t\u00fcketilebilir. Havu\u00e7, salatalar, \u00e7orbalar, yemekler, smoothie\u2019ler ve tatl\u0131lar gibi bir\u00e7ok yemek ve tarifte kullan\u0131labilir.<\/p>\n<h3>Havu\u00e7 Faydalar\u0131 Nelerdir?<\/h3>\n<p>Havu\u00e7, bir\u00e7ok sa\u011fl\u0131k faydas\u0131 sa\u011flayan besleyici bir sebzedir. \u0130\u015fte havucun sa\u011fl\u0131\u011fa faydalar\u0131ndan baz\u0131lar\u0131:<\/p>\n<ul>\n<li>G\u00f6z sa\u011fl\u0131\u011f\u0131: Havu\u00e7, beta-karoten i\u00e7eri\u011fi nedeniyle g\u00f6z sa\u011fl\u0131\u011f\u0131 i\u00e7in yararl\u0131d\u0131r. V\u00fccutta A vitamini olarak metabolize edilen beta-karoten, gece k\u00f6rl\u00fc\u011f\u00fc ve ya\u015fa ba\u011fl\u0131 makula dejenerasyonu gibi g\u00f6z hastal\u0131klar\u0131n\u0131n riskini azalt\u0131r.<\/li>\n<li>Ba\u011f\u0131\u015f\u0131kl\u0131k sistemi: Havu\u00e7, v\u00fccudun ba\u011f\u0131\u015f\u0131kl\u0131k sisteminin g\u00fc\u00e7lenmesine yard\u0131mc\u0131 olan C vitamini ve antioksidanlar a\u00e7\u0131s\u0131ndan zengindir.<\/li>\n<li>Sindirim sa\u011fl\u0131\u011f\u0131: Havu\u00e7, y\u00fcksek lif i\u00e7eri\u011fi sayesinde sindirim sa\u011fl\u0131\u011f\u0131na katk\u0131da bulunur. Lif, ba\u011f\u0131rsak hareketlerini d\u00fczenleyerek kab\u0131zl\u0131k riskini azalt\u0131r.<\/li>\n<li>Kalp sa\u011fl\u0131\u011f\u0131: Havu\u00e7, potasyum i\u00e7eri\u011fi nedeniyle kalp sa\u011fl\u0131\u011f\u0131 i\u00e7in faydal\u0131d\u0131r. Potasyum, kan bas\u0131nc\u0131n\u0131 d\u00fczenler ve kalp ritimlerini korur.<\/li>\n<\/ul>\n<\/div>\n<\/div>\n<\/div>\n<\/div>\n<\/div>\n<\/div>\n<\/div>\n<\/div>\n<\/div>\n<\/div>\n<\/div>\n<\/div>\n<\/div>\n","protected":false},"featured_media":8271,"comment_status":"open","ping_status":"closed","template":"","meta":[],"etheme_brands":[],"product_brand":[],"product_cat":[68],"product_tag":[117,83],"class_list":{"0":"post-8270","1":"product","2":"type-product","3":"status-publish","4":"has-post-thumbnail","6":"product_cat-sebze","7":"product_tag-havuc","8":"product_tag-sebze","10":"first","11":"instock","12":"shipping-taxable","13":"product-type-simple"},"_links":{"self":[{"href":"https:\/\/vitamintarim.com\/en\/wp-json\/wp\/v2\/product\/8270","targetHints":{"allow":["GET"]}}],"collection":[{"href":"https:\/\/vitamintarim.com\/en\/wp-json\/wp\/v2\/product"}],"about":[{"href":"https:\/\/vitamintarim.com\/en\/wp-json\/wp\/v2\/types\/product"}],"replies":[{"embeddable":true,"href":"https:\/\/vitamintarim.com\/en\/wp-json\/wp\/v2\/comments?post=8270"}],"version-history":[{"count":1,"href":"https:\/\/vitamintarim.com\/en\/wp-json\/wp\/v2\/product\/8270\/revisions"}],"predecessor-version":[{"id":8272,"href":"https:\/\/vitamintarim.com\/en\/wp-json\/wp\/v2\/product\/8270\/revisions\/8272"}],"wp:featuredmedia":[{"embeddable":true,"href":"https:\/\/vitamintarim.com\/en\/wp-json\/wp\/v2\/media\/8271"}],"wp:attachment":[{"href":"https:\/\/vitamintarim.com\/en\/wp-json\/wp\/v2\/media?parent=8270"}],"wp:term":[{"taxonomy":"brand","embeddable":true,"href":"https:\/\/vitamintarim.com\/en\/wp-json\/wp\/v2\/etheme_brands?post=8270"},{"taxonomy":"product_brand","embeddable":true,"href":"https:\/\/vitamintarim.com\/en\/wp-json\/wp\/v2\/product_brand?post=8270"},{"taxonomy":"product_cat","embeddable":true,"href":"https:\/\/vitamintarim.com\/en\/wp-json\/wp\/v2\/product_cat?post=8270"},{"taxonomy":"product_tag","embeddable":true,"href":"https:\/\/vitamintarim.com\/en\/wp-json\/wp\/v2\/product_tag?post=8270"}],"curies":[{"name":"wp","href":"https:\/\/api.w.org\/{rel}","templated":true}]}}