{"id":8264,"date":"2023-10-14T11:30:34","date_gmt":"2023-10-14T08:30:34","guid":{"rendered":"http:\/\/band.ist\/vitamin\/?post_type=product&#038;p=8264"},"modified":"2023-10-14T11:32:43","modified_gmt":"2023-10-14T08:32:43","slug":"frenk-maydanozu","status":"publish","type":"product","link":"https:\/\/vitamintarim.com\/en\/product\/frenk-maydanozu\/","title":{"rendered":"Frenk Maydanozu"},"content":{"rendered":"<div class=\"row\">\n<div class=\"col-lg-9\">\n<div id=\"myTabContent2\" class=\"tab-content pro-desc-tab-content\">\n<div id=\"tab-description\" class=\"tab-pane fade active show\" role=\"tabpanel\" aria-labelledby=\"tab-title-description\">\n<div class=\"event-text desc-content\">\n<p>Frenk maydanozu, genellikle \u0130talyan ve Akdeniz mutfa\u011f\u0131nda kullan\u0131lan bir bitkidir. Yapraklar\u0131 ve tohumlar\u0131 yemeklerde kullan\u0131labilir. \u0130\u015fte frenk maydanozun kullan\u0131m alanlar\u0131ndan baz\u0131lar\u0131:<\/p>\n<ol>\n<li>Yemekler: Frenk maydanozu, salatalar, \u00e7orba, soslar, et yemekleri, bal\u0131k yemekleri ve makarnalar gibi bir\u00e7ok yemekte kullan\u0131labilir. Taze yapraklar\u0131, yemeklere aroma ve renk katar.<\/li>\n<li>T\u0131bbi ama\u00e7lar: Frenk maydanozu, antienflamatuar ve antioksidan \u00f6zellikleri nedeniyle t\u0131bbi ama\u00e7lar i\u00e7in de kullan\u0131labilir. \u00d6zellikle artrit, romatizma ve gut gibi iltihabi hastal\u0131klar\u0131n tedavisinde kullan\u0131l\u0131r.<\/li>\n<li>Besin de\u011feri: Frenk maydanozu, A, C ve K vitaminleri, demir, kalsiyum ve magnezyum gibi besin maddeleri a\u00e7\u0131s\u0131ndan zengindir. Bu nedenle, besin de\u011feri y\u00fcksek bir bitkidir ve sa\u011fl\u0131kl\u0131 bir diyet i\u00e7in \u00f6nemlidir.<\/li>\n<li>\u00c7ay: Frenk maydanozu yapraklar\u0131ndan yap\u0131lan \u00e7ay, sindirim sistemi sa\u011fl\u0131\u011f\u0131n\u0131 korur, ba\u011f\u0131\u015f\u0131kl\u0131k sistemini g\u00fc\u00e7lendirir ve stresi azaltmaya yard\u0131mc\u0131 olur. Ayr\u0131ca, \u00f6ks\u00fcr\u00fc\u011f\u00fc hafifletmeye yard\u0131mc\u0131 olabilir.<\/li>\n<li>Kozmetik: Frenk maydanozu, cilt sa\u011fl\u0131\u011f\u0131 i\u00e7in yararl\u0131 olan A ve C vitaminleri i\u00e7erir. Cildi temizler, nemlendirir ve ya\u015flanma belirtilerini azalt\u0131r.<\/li>\n<\/ol>\n<p>Frenk maydanozu, sa\u011fl\u0131kl\u0131 bir diyet i\u00e7in yararl\u0131 bir bitkidir. Ancak, baz\u0131 ki\u015filerde alerjik reaksiyonlara neden olabilir, bu nedenle kullanmadan \u00f6nce doktorunuza dan\u0131\u015fman\u0131z \u00f6nerilir.<\/p>\n<\/div>\n<\/div>\n<\/div>\n<\/div>\n<\/div>","protected":false},"excerpt":{"rendered":"<div class=\"group w-full text-gray-800 dark:text-gray-100 border-b border-black\/10 dark:border-gray-900\/50 bg-gray-50 dark:bg-[#444654]\">\n<div class=\"text-base gap-4 md:gap-6 md:max-w-2xl lg:max-w-xl xl:max-w-3xl p-4 md:py-6 flex lg:px-0 m-auto\">\n<div class=\"relative flex w-[calc(100%-50px)] flex-col gap-1 md:gap-3 lg:w-[calc(100%-115px)]\">\n<div class=\"flex flex-grow flex-col gap-3\">\n<div class=\"min-h-[20px] flex flex-col items-start gap-4 whitespace-pre-wrap break-words\">\n<div class=\"markdown prose w-full break-words dark:prose-invert light\">\n<div class=\"flex flex-grow flex-col gap-3\">\n<div class=\"min-h-[20px] flex flex-col items-start gap-4 whitespace-pre-wrap break-words\">\n<div class=\"markdown prose w-full break-words dark:prose-invert light\">\n<div class=\"woocommerce-product-details__short-description\">\n<div class=\"woocommerce-product-details__short-description\">\n<div class=\"woocommerce-product-details__short-description\">\n<div class=\"woocommerce-product-details__short-description\">\n<p>Frenk maydanozu, maydanozgiller (Apiaceae) familyas\u0131ndan, yapraklar\u0131 ve tohumlar\u0131 yemeklerde kullan\u0131lan bir bitkidir. Latince ad\u0131 Petroselinum crispum olan frenk maydanozu, d\u00fcnya genelinde yayg\u0131n olarak kullan\u0131lan bir baharatt\u0131r. Farkl\u0131 \u00e7e\u015fitleri vard\u0131r ve genellikle \u0130talya, Yunanistan, T\u00fcrkiye ve Akdeniz b\u00f6lgesinde yeti\u015ftirilir. Frenk maydanozu, bir\u00e7ok yemekte kullan\u0131labilir ve sa\u011fl\u0131k faydalar\u0131 da vard\u0131r.<\/p>\n<h3>Frenk Maydanozu Faydalar\u0131<\/h3>\n<p>Frenk maydanozu, sa\u011fl\u0131\u011fa bir\u00e7ok faydas\u0131 olan bir bitkidir. \u0130\u015fte frenk maydanozun sa\u011fl\u0131k faydalar\u0131ndan baz\u0131lar\u0131:<\/p>\n<ul>\n<li>Antioksidan etkisi: Frenk maydanozu, antioksidanlar a\u00e7\u0131s\u0131ndan zengin bir bitkidir. Antioksidanlar, serbest radikallerin neden oldu\u011fu h\u00fccre hasar\u0131n\u0131 \u00f6nlemeye yard\u0131mc\u0131 olurlar.<\/li>\n<li>\u0130nflamasyonu azalt\u0131r: Frenk maydanozu, inflamasyonu azaltan flavonoidler i\u00e7erir. Bu \u00f6zelli\u011fi nedeniyle artrit, romatizma ve gut gibi iltihabi hastal\u0131klar\u0131n tedavisinde kullan\u0131labilir.<\/li>\n<li>Sindirimi kolayla\u015ft\u0131r\u0131r: Frenk maydanozu, y\u00fcksek lif i\u00e7eri\u011fi sayesinde sindirimi kolayla\u015ft\u0131rmaya yard\u0131mc\u0131 olur. Ayr\u0131ca, mide ve ba\u011f\u0131rsaklar\u0131 rahatlat\u0131r ve \u015fi\u015fkinli\u011fi azalt\u0131r.<\/li>\n<\/ul>\n<\/div>\n<\/div>\n<\/div>\n<\/div>\n<\/div>\n<\/div>\n<\/div>\n<\/div>\n<\/div>\n<\/div>\n<\/div>\n<\/div>\n<\/div>\n","protected":false},"featured_media":8265,"comment_status":"open","ping_status":"closed","template":"","meta":[],"etheme_brands":[],"product_brand":[],"product_cat":[75],"product_tag":[113,114,107],"class_list":{"0":"post-8264","1":"product","2":"type-product","3":"status-publish","4":"has-post-thumbnail","6":"product_cat-yesillik","7":"product_tag-frenk-maydonozu","8":"product_tag-maydonoz","9":"product_tag-yesillik","11":"first","12":"instock","13":"shipping-taxable","14":"product-type-simple"},"_links":{"self":[{"href":"https:\/\/vitamintarim.com\/en\/wp-json\/wp\/v2\/product\/8264","targetHints":{"allow":["GET"]}}],"collection":[{"href":"https:\/\/vitamintarim.com\/en\/wp-json\/wp\/v2\/product"}],"about":[{"href":"https:\/\/vitamintarim.com\/en\/wp-json\/wp\/v2\/types\/product"}],"replies":[{"embeddable":true,"href":"https:\/\/vitamintarim.com\/en\/wp-json\/wp\/v2\/comments?post=8264"}],"version-history":[{"count":1,"href":"https:\/\/vitamintarim.com\/en\/wp-json\/wp\/v2\/product\/8264\/revisions"}],"predecessor-version":[{"id":8266,"href":"https:\/\/vitamintarim.com\/en\/wp-json\/wp\/v2\/product\/8264\/revisions\/8266"}],"wp:featuredmedia":[{"embeddable":true,"href":"https:\/\/vitamintarim.com\/en\/wp-json\/wp\/v2\/media\/8265"}],"wp:attachment":[{"href":"https:\/\/vitamintarim.com\/en\/wp-json\/wp\/v2\/media?parent=8264"}],"wp:term":[{"taxonomy":"brand","embeddable":true,"href":"https:\/\/vitamintarim.com\/en\/wp-json\/wp\/v2\/etheme_brands?post=8264"},{"taxonomy":"product_brand","embeddable":true,"href":"https:\/\/vitamintarim.com\/en\/wp-json\/wp\/v2\/product_brand?post=8264"},{"taxonomy":"product_cat","embeddable":true,"href":"https:\/\/vitamintarim.com\/en\/wp-json\/wp\/v2\/product_cat?post=8264"},{"taxonomy":"product_tag","embeddable":true,"href":"https:\/\/vitamintarim.com\/en\/wp-json\/wp\/v2\/product_tag?post=8264"}],"curies":[{"name":"wp","href":"https:\/\/api.w.org\/{rel}","templated":true}]}}