{"id":8255,"date":"2023-10-14T11:21:29","date_gmt":"2023-10-14T08:21:29","guid":{"rendered":"http:\/\/band.ist\/vitamin\/?post_type=product&#038;p=8255"},"modified":"2023-10-14T11:23:30","modified_gmt":"2023-10-14T08:23:30","slug":"domates","status":"publish","type":"product","link":"https:\/\/vitamintarim.com\/en\/product\/domates\/","title":{"rendered":"Domates"},"content":{"rendered":"<p>Domates, d\u00fcnya genelinde en pop\u00fcler ve yayg\u0131n olarak t\u00fcketilen sebzelerden biridir. \u00c7i\u011f olarak t\u00fcketilebildi\u011fi gibi, bir\u00e7ok farkl\u0131 yeme\u011fin de ana malzemesidir. Ayr\u0131ca sa\u011fl\u0131k a\u00e7\u0131s\u0131ndan da bir\u00e7ok fayda sa\u011flar. Domatesin kullan\u0131m alanlar\u0131 \u015funlard\u0131r:<\/p>\n<ol>\n<li>Yemek pi\u015firme: Domates \u00e7orbas\u0131, soslar\u0131, makarna soslar\u0131, pizza, sandvi\u00e7ler ve salatalarda kullan\u0131l\u0131r. Ayr\u0131ca domates konservesi de yap\u0131larak kullan\u0131m s\u00fcresi uzat\u0131labilir.<\/li>\n<li>Taze t\u00fcketim: Domatesler, do\u011franm\u0131\u015f \u015fekilde salatalara veya sandvi\u00e7lere eklenerek taze olarak t\u00fcketilebilir. Ayr\u0131ca domatesler salsa ve guacamole gibi Meksika yemeklerinde de kullan\u0131l\u0131r.<\/li>\n<li>\u0130\u00e7ecekler: Domates, \u00f6zellikle Bloody Mary gibi kokteyllerde yayg\u0131n olarak kullan\u0131l\u0131r. Ayr\u0131ca domates suyu da bir\u00e7ok ki\u015fi taraf\u0131ndan sevilen bir i\u00e7ecektir.<\/li>\n<li>Sa\u011fl\u0131k: Domates, antioksidanlar, C vitamini, potasyum ve likopen gibi bir\u00e7ok faydal\u0131 besin i\u00e7erir. Bu nedenle, domates t\u00fcketimi sa\u011fl\u0131k a\u00e7\u0131s\u0131ndan da faydal\u0131d\u0131r<\/li>\n<\/ol>","protected":false},"excerpt":{"rendered":"<div class=\"group w-full text-gray-800 dark:text-gray-100 border-b border-black\/10 dark:border-gray-900\/50 bg-gray-50 dark:bg-[#444654]\">\n<div class=\"text-base gap-4 md:gap-6 md:max-w-2xl lg:max-w-xl xl:max-w-3xl p-4 md:py-6 flex lg:px-0 m-auto\">\n<div class=\"relative flex w-[calc(100%-50px)] flex-col gap-1 md:gap-3 lg:w-[calc(100%-115px)]\">\n<div class=\"flex flex-grow flex-col gap-3\">\n<div class=\"min-h-[20px] flex flex-col items-start gap-4 whitespace-pre-wrap break-words\">\n<div class=\"markdown prose w-full break-words dark:prose-invert light\">\n<div class=\"flex flex-grow flex-col gap-3\">\n<div class=\"min-h-[20px] flex flex-col items-start gap-4 whitespace-pre-wrap break-words\">\n<div class=\"markdown prose w-full break-words dark:prose-invert light\">\n<div class=\"woocommerce-product-details__short-description\">\n<div class=\"woocommerce-product-details__short-description\">\n<div class=\"woocommerce-product-details__short-description\">\n<p>Domates, \u00e7i\u00e7ekli bitkiler familyas\u0131ndan olan Solanaceae familyas\u0131na ait olan bir sebzedir. Bilimsel ad\u0131 \u201cSolanum lycopersicum\u201ddur ve G\u00fcney Amerika k\u00f6kenlidir. Meyve olarak t\u00fcketilmesine ra\u011fmen, botanik a\u00e7\u0131dan bir meyve de\u011fil, bir sebze olarak kabul edilir. K\u0131rm\u0131z\u0131, sar\u0131, ye\u015fil veya mor renklerde olabilen yumu\u015fak, sulu bir meyve olarak bilinir. Domatesler genellikle yemeklerde, salatalarda, sandvi\u00e7lerde ve soslarda kullan\u0131l\u0131r. Ayn\u0131 zamanda \u00e7orba, sos ve i\u00e7eceklerin yap\u0131m\u0131nda da kullan\u0131labilir.<\/p>\n<h3>Domates Faydalar\u0131 Nelerdir?<\/h3>\n<p>Domates, sa\u011fl\u0131\u011fa bir\u00e7ok faydas\u0131 olan bir sebzedir. Baz\u0131 faydalar\u0131 \u015funlard\u0131r:<\/p>\n<ul>\n<li>Antioksidan etkisi: Domatesler likopen ad\u0131 verilen bir antioksidan i\u00e7erir. Bu antioksidan kansere kar\u015f\u0131 koruyucu etkisi ile bilinir.<\/li>\n<li>Kalp sa\u011fl\u0131\u011f\u0131: Domatesler, kalp sa\u011fl\u0131\u011f\u0131n\u0131 korumak i\u00e7in faydal\u0131 olan potasyum, C vitamini ve lif a\u00e7\u0131s\u0131ndan zengindir. Bu sayede, y\u00fcksek tansiyon ve kolesterol\u00fc d\u00fc\u015f\u00fcr\u00fcp, kalp hastal\u0131klar\u0131n\u0131 \u00f6nlemede etkilidir.<\/li>\n<li>G\u00f6z sa\u011fl\u0131\u011f\u0131: Domatesler, i\u00e7erdikleri lutein ve zeaksantin ad\u0131 verilen bile\u015fenler sayesinde g\u00f6z sa\u011fl\u0131\u011f\u0131na faydal\u0131d\u0131r. Bu bile\u015fenler g\u00f6zdeki serbest radikallerle sava\u015f\u0131r ve g\u00f6z sa\u011fl\u0131\u011f\u0131n\u0131 korur<\/li>\n<\/ul>\n<\/div>\n<\/div>\n<\/div>\n<\/div>\n<\/div>\n<\/div>\n<\/div>\n<\/div>\n<\/div>\n<\/div>\n<\/div>\n<\/div>\n","protected":false},"featured_media":8256,"comment_status":"open","ping_status":"closed","template":"","meta":[],"etheme_brands":[],"product_brand":[],"product_cat":[68],"product_tag":[110,83],"class_list":{"0":"post-8255","1":"product","2":"type-product","3":"status-publish","4":"has-post-thumbnail","6":"product_cat-sebze","7":"product_tag-domates","8":"product_tag-sebze","10":"first","11":"instock","12":"shipping-taxable","13":"product-type-simple"},"_links":{"self":[{"href":"https:\/\/vitamintarim.com\/en\/wp-json\/wp\/v2\/product\/8255","targetHints":{"allow":["GET"]}}],"collection":[{"href":"https:\/\/vitamintarim.com\/en\/wp-json\/wp\/v2\/product"}],"about":[{"href":"https:\/\/vitamintarim.com\/en\/wp-json\/wp\/v2\/types\/product"}],"replies":[{"embeddable":true,"href":"https:\/\/vitamintarim.com\/en\/wp-json\/wp\/v2\/comments?post=8255"}],"version-history":[{"count":1,"href":"https:\/\/vitamintarim.com\/en\/wp-json\/wp\/v2\/product\/8255\/revisions"}],"predecessor-version":[{"id":8257,"href":"https:\/\/vitamintarim.com\/en\/wp-json\/wp\/v2\/product\/8255\/revisions\/8257"}],"wp:featuredmedia":[{"embeddable":true,"href":"https:\/\/vitamintarim.com\/en\/wp-json\/wp\/v2\/media\/8256"}],"wp:attachment":[{"href":"https:\/\/vitamintarim.com\/en\/wp-json\/wp\/v2\/media?parent=8255"}],"wp:term":[{"taxonomy":"brand","embeddable":true,"href":"https:\/\/vitamintarim.com\/en\/wp-json\/wp\/v2\/etheme_brands?post=8255"},{"taxonomy":"product_brand","embeddable":true,"href":"https:\/\/vitamintarim.com\/en\/wp-json\/wp\/v2\/product_brand?post=8255"},{"taxonomy":"product_cat","embeddable":true,"href":"https:\/\/vitamintarim.com\/en\/wp-json\/wp\/v2\/product_cat?post=8255"},{"taxonomy":"product_tag","embeddable":true,"href":"https:\/\/vitamintarim.com\/en\/wp-json\/wp\/v2\/product_tag?post=8255"}],"curies":[{"name":"wp","href":"https:\/\/api.w.org\/{rel}","templated":true}]}}