{"id":8249,"date":"2023-10-14T11:17:11","date_gmt":"2023-10-14T08:17:11","guid":{"rendered":"http:\/\/band.ist\/vitamin\/?post_type=product&#038;p=8249"},"modified":"2023-10-14T11:18:22","modified_gmt":"2023-10-14T08:18:22","slug":"dereotu","status":"publish","type":"product","link":"https:\/\/vitamintarim.com\/en\/product\/dereotu\/","title":{"rendered":"Dereotu"},"content":{"rendered":"<p>Dereotu, \u00e7ok y\u00f6nl\u00fc bir bitkidir ve farkl\u0131 kullan\u0131m alanlar\u0131 vard\u0131r. \u0130\u015fte dereotunun baz\u0131 kullan\u0131m alanlar\u0131:<\/p>\n<ol>\n<li>Yemeklerde kullan\u0131m: Dereotu, taze yapraklar\u0131 ve tohumlar\u0131 ile yemeklerde yayg\u0131n olarak kullan\u0131l\u0131r. \u00d6zellikle Akdeniz mutfa\u011f\u0131nda s\u0131kl\u0131kla kullan\u0131l\u0131r. \u00c7orbalarda, salatalarda, bal\u0131klarda, sebzelerde ve soslarda kullan\u0131labilir.<\/li>\n<li>Baharat olarak kullan\u0131m: Dereotu tohumlar\u0131, kurutulduktan sonra baharat olarak kullan\u0131l\u0131r. Tohumlar, yemeklere aroma ve lezzet katmak i\u00e7in kullan\u0131labilir.<\/li>\n<li>Bitki \u00e7ay\u0131: Dereotu, bitki \u00e7ay\u0131 olarak da t\u00fcketilebilir. Dereotu \u00e7ay\u0131, \u00f6zellikle sindirim sorunlar\u0131, gaz, \u015fi\u015fkinlik, kar\u0131n kramplar\u0131 ve haz\u0131ms\u0131zl\u0131k gibi problemlere iyi gelir.<\/li>\n<li>Aromaterapi: Dereotu, u\u00e7ucu ya\u011f\u0131 olarak kullan\u0131labilir ve aromaterapide kullan\u0131l\u0131r. Dereotu u\u00e7ucu ya\u011f\u0131, gev\u015feme, stres azaltma, uykusuzlu\u011fun giderilmesi ve duygusal denge sa\u011flamak gibi bir\u00e7ok fayda sa\u011flar.<\/li>\n<li>Sa\u011fl\u0131k faydalar\u0131: Dereotu, sa\u011fl\u0131k a\u00e7\u0131s\u0131ndan bir\u00e7ok fayda sa\u011flar. \u0130\u00e7erdi\u011fi antioksidanlar, vitaminler ve mineraller sayesinde sindirim sistemi sa\u011fl\u0131\u011f\u0131n\u0131 korur, ba\u011f\u0131\u015f\u0131kl\u0131k sistemini g\u00fc\u00e7lendirir, kan \u015fekerini d\u00fczenler, g\u00f6z sa\u011fl\u0131\u011f\u0131n\u0131 korur ve kemik sa\u011fl\u0131\u011f\u0131n\u0131 destekler.<\/li>\n<li>Kozmetik \u00fcr\u00fcnlerinde kullan\u0131m: Dereotu, kozmetik \u00fcr\u00fcnlerinde de kullan\u0131l\u0131r. \u00d6zellikle cilt bak\u0131m \u00fcr\u00fcnlerinde, dereotu ekstresi antioksidan \u00f6zellikleri sayesinde cildi besleyici ve gen\u00e7le\u015ftirici etkiye sahiptir.<\/li>\n<li>Sebze bah\u00e7esi: Dereotu, bah\u00e7ecilikte s\u0131kl\u0131kla kullan\u0131lan bir bitkidir. Sebzelerin yan\u0131na dikildi\u011finde zararl\u0131 b\u00f6cekleri uzak tutar ve bitkilerin b\u00fcy\u00fcmesini te\u015fvik eder.<\/li>\n<\/ol>\n<p>Bu kullan\u0131m alanlar\u0131n\u0131n yan\u0131 s\u0131ra, dereotu ayn\u0131 zamanda taze olarak t\u00fcketildi\u011finde ferah bir tat verir ve yemeklere ho\u015f bir aroma katar.<\/p>","protected":false},"excerpt":{"rendered":"<div class=\"group w-full text-gray-800 dark:text-gray-100 border-b border-black\/10 dark:border-gray-900\/50 bg-gray-50 dark:bg-[#444654]\">\n<div class=\"text-base gap-4 md:gap-6 md:max-w-2xl lg:max-w-xl xl:max-w-3xl p-4 md:py-6 flex lg:px-0 m-auto\">\n<div class=\"relative flex w-[calc(100%-50px)] flex-col gap-1 md:gap-3 lg:w-[calc(100%-115px)]\">\n<div class=\"flex flex-grow flex-col gap-3\">\n<div class=\"min-h-[20px] flex flex-col items-start gap-4 whitespace-pre-wrap break-words\">\n<div class=\"markdown prose w-full break-words dark:prose-invert light\">\n<div class=\"flex flex-grow flex-col gap-3\">\n<div class=\"min-h-[20px] flex flex-col items-start gap-4 whitespace-pre-wrap break-words\">\n<div class=\"markdown prose w-full break-words dark:prose-invert light\">\n<div class=\"woocommerce-product-details__short-description\">\n<div class=\"woocommerce-product-details__short-description\">\n<p>Dereotu, maydanozgiller (Apiaceae) familyas\u0131ndan bir bitkidir. Yapraklar\u0131 ince telli ve ye\u015fil renklidir, \u00e7i\u00e7ekleri ise beyaz veya sar\u0131 renklidir. K\u00f6keni Akdeniz ve Orta Do\u011fu b\u00f6lgesine dayanan dereotu, g\u00fcn\u00fcm\u00fczde d\u00fcnya genelinde yayg\u0131n olarak yeti\u015ftirilmektedir. Yemeklere aroma vermek i\u00e7in kullan\u0131lan dereotunun yapraklar\u0131, saplar\u0131 ve tohumlar\u0131 kullan\u0131labilir. Ayr\u0131ca dereotu, sa\u011fl\u0131k faydalar\u0131 nedeniyle de t\u0131bbi ama\u00e7lar i\u00e7in kullan\u0131labilir. Dereotu, yemeklerin yan\u0131 s\u0131ra \u00e7ay, baharat ve u\u00e7ucu ya\u011f olarak da t\u00fcketilebilir.<\/p>\n<h3>Dereotu Faydalar\u0131 Nelerdir?<\/h3>\n<p>Dereotu, sa\u011fl\u0131k a\u00e7\u0131s\u0131ndan bir\u00e7ok fayda sa\u011flar. \u0130\u015fte dereotunun baz\u0131 faydalar\u0131:<\/p>\n<ul>\n<li>Sindirim sa\u011fl\u0131\u011f\u0131: Dereotu, sindirim sistemi sa\u011fl\u0131\u011f\u0131n\u0131 destekler ve sindirim problemlerinin giderilmesine yard\u0131mc\u0131 olur. \u0130\u00e7eri\u011findeki lifler, ba\u011f\u0131rsak hareketlerini d\u00fczenler ve kab\u0131zl\u0131k, \u015fi\u015fkinlik ve gaz gibi problemleri \u00f6nler.<\/li>\n<li>Ba\u011f\u0131\u015f\u0131kl\u0131k sistemi: Dereotu, ba\u011f\u0131\u015f\u0131kl\u0131k sistemi sa\u011fl\u0131\u011f\u0131n\u0131 korumaya yard\u0131mc\u0131 olan antioksidanlar, C vitamini ve beta-karoten a\u00e7\u0131s\u0131ndan zengindir. Bu nedenle, d\u00fczenli olarak t\u00fcketildi\u011finde ba\u011f\u0131\u015f\u0131kl\u0131k sistemi fonksiyonlar\u0131n\u0131n artmas\u0131na yard\u0131mc\u0131 olur.<\/li>\n<li>G\u00f6z sa\u011fl\u0131\u011f\u0131: Dereotu, beta-karoten ve A vitamini i\u00e7eri\u011fi nedeniyle g\u00f6z sa\u011fl\u0131\u011f\u0131na da faydal\u0131d\u0131r. Katarakt ve di\u011fer g\u00f6z hastal\u0131klar\u0131n\u0131 \u00f6nlemeye yard\u0131mc\u0131 olur.<\/li>\n<\/ul>\n<\/div>\n<div class=\"yith-wcwl-add-to-wishlist add-to-wishlist-3820  wishlist-fragment on-first-load\" data-fragment-ref=\"3820\" data-fragment-options=\"{&quot;base_url&quot;:&quot;&quot;,&quot;in_default_wishlist&quot;:false,&quot;is_single&quot;:true,&quot;show_exists&quot;:false,&quot;product_id&quot;:3820,&quot;parent_product_id&quot;:3820,&quot;product_type&quot;:&quot;simple&quot;,&quot;show_view&quot;:true,&quot;browse_wishlist_text&quot;:&quot;Browse wishlist&quot;,&quot;already_in_wishslist_text&quot;:&quot;The product is already in your wishlist!&quot;,&quot;product_added_text&quot;:&quot;\\u00dcr\\u00fcn eklendi!&quot;,&quot;heading_icon&quot;:&quot;fa-heart-o&quot;,&quot;available_multi_wishlist&quot;:false,&quot;disable_wishlist&quot;:false,&quot;show_count&quot;:false,&quot;ajax_loading&quot;:false,&quot;loop_position&quot;:&quot;after_add_to_cart&quot;,&quot;item&quot;:&quot;add_to_wishlist&quot;}\">\n<div class=\"yith-wcwl-add-button\"><\/div>\n<\/div>\n<\/div>\n<\/div>\n<\/div>\n<\/div>\n<\/div>\n<\/div>\n<\/div>\n<\/div>\n<\/div>\n<\/div>\n","protected":false},"featured_media":8250,"comment_status":"open","ping_status":"closed","template":"","meta":[],"etheme_brands":[],"product_brand":[],"product_cat":[75],"product_tag":[108,107],"class_list":{"0":"post-8249","1":"product","2":"type-product","3":"status-publish","4":"has-post-thumbnail","6":"product_cat-yesillik","7":"product_tag-dereotu","8":"product_tag-yesillik","10":"first","11":"instock","12":"shipping-taxable","13":"product-type-simple"},"_links":{"self":[{"href":"https:\/\/vitamintarim.com\/en\/wp-json\/wp\/v2\/product\/8249","targetHints":{"allow":["GET"]}}],"collection":[{"href":"https:\/\/vitamintarim.com\/en\/wp-json\/wp\/v2\/product"}],"about":[{"href":"https:\/\/vitamintarim.com\/en\/wp-json\/wp\/v2\/types\/product"}],"replies":[{"embeddable":true,"href":"https:\/\/vitamintarim.com\/en\/wp-json\/wp\/v2\/comments?post=8249"}],"version-history":[{"count":1,"href":"https:\/\/vitamintarim.com\/en\/wp-json\/wp\/v2\/product\/8249\/revisions"}],"predecessor-version":[{"id":8251,"href":"https:\/\/vitamintarim.com\/en\/wp-json\/wp\/v2\/product\/8249\/revisions\/8251"}],"wp:featuredmedia":[{"embeddable":true,"href":"https:\/\/vitamintarim.com\/en\/wp-json\/wp\/v2\/media\/8250"}],"wp:attachment":[{"href":"https:\/\/vitamintarim.com\/en\/wp-json\/wp\/v2\/media?parent=8249"}],"wp:term":[{"taxonomy":"brand","embeddable":true,"href":"https:\/\/vitamintarim.com\/en\/wp-json\/wp\/v2\/etheme_brands?post=8249"},{"taxonomy":"product_brand","embeddable":true,"href":"https:\/\/vitamintarim.com\/en\/wp-json\/wp\/v2\/product_brand?post=8249"},{"taxonomy":"product_cat","embeddable":true,"href":"https:\/\/vitamintarim.com\/en\/wp-json\/wp\/v2\/product_cat?post=8249"},{"taxonomy":"product_tag","embeddable":true,"href":"https:\/\/vitamintarim.com\/en\/wp-json\/wp\/v2\/product_tag?post=8249"}],"curies":[{"name":"wp","href":"https:\/\/api.w.org\/{rel}","templated":true}]}}