{"id":8243,"date":"2023-10-14T11:07:15","date_gmt":"2023-10-14T08:07:15","guid":{"rendered":"http:\/\/band.ist\/vitamin\/?post_type=product&#038;p=8243"},"modified":"2023-10-14T11:09:02","modified_gmt":"2023-10-14T08:09:02","slug":"cengelkoy-salataligi","status":"publish","type":"product","link":"https:\/\/vitamintarim.com\/en\/product\/cengelkoy-salataligi\/","title":{"rendered":"\u00c7engelk\u00f6y Salatal\u0131\u011f\u0131"},"content":{"rendered":"<p>\u00c7engelk\u00f6y salatal\u0131\u011f\u0131, \u00e7ok y\u00f6nl\u00fc bir sebze oldu\u011fu i\u00e7in bir\u00e7ok farkl\u0131 yemekte kullan\u0131labilir. \u0130\u015fte \u00c7engelk\u00f6y salatal\u0131\u011f\u0131n\u0131n kullan\u0131m alanlar\u0131ndan baz\u0131lar\u0131:<\/p>\n<ol>\n<li>Salatalar: \u00c7engelk\u00f6y salatal\u0131\u011f\u0131, ad\u0131n\u0131 ald\u0131\u011f\u0131 gibi \u00f6zellikle salatalarda kullan\u0131larak lezzetli ve ferah bir se\u00e7enek olabilir.<\/li>\n<li>Tur\u015fu: \u00c7engelk\u00f6y salatal\u0131\u011f\u0131, tur\u015fu yapmak i\u00e7in de kullan\u0131labilir ve tur\u015funun ferahl\u0131\u011f\u0131n\u0131 art\u0131rabilir.<\/li>\n<li>Sandvi\u00e7: \u00c7engelk\u00f6y salatal\u0131\u011f\u0131, sandvi\u00e7lerin i\u00e7inde kullan\u0131larak lezzetini ve besleyicili\u011fini art\u0131rabilir.<\/li>\n<li>Smoothie: \u00c7engelk\u00f6y salatal\u0131\u011f\u0131, smoothie yapmak i\u00e7in de kullan\u0131labilir ve i\u00e7ece\u011fe lezzetli bir tat katabilir.<\/li>\n<li>Yemekler: \u00c7engelk\u00f6y salatal\u0131\u011f\u0131, yemeklere garnit\u00fcr olarak da kullan\u0131labilir ve yeme\u011fe ferahl\u0131k ve renk katabilir.<\/li>\n<\/ol>\n<p>\u00c7engelk\u00f6y salatal\u0131\u011f\u0131n\u0131n lezzetli, besleyici ve \u00e7ok y\u00f6nl\u00fc olmas\u0131, onu bir\u00e7ok yemekte kullan\u0131m i\u00e7in ideal bir sebze haline getirir<\/p>","protected":false},"excerpt":{"rendered":"<div class=\"group w-full text-gray-800 dark:text-gray-100 border-b border-black\/10 dark:border-gray-900\/50 bg-gray-50 dark:bg-[#444654]\">\n<div class=\"text-base gap-4 md:gap-6 md:max-w-2xl lg:max-w-xl xl:max-w-3xl p-4 md:py-6 flex lg:px-0 m-auto\">\n<div class=\"relative flex w-[calc(100%-50px)] flex-col gap-1 md:gap-3 lg:w-[calc(100%-115px)]\">\n<div class=\"flex flex-grow flex-col gap-3\">\n<div class=\"min-h-[20px] flex flex-col items-start gap-4 whitespace-pre-wrap break-words\">\n<div class=\"markdown prose w-full break-words dark:prose-invert light\">\n<div class=\"flex flex-grow flex-col gap-3\">\n<div class=\"min-h-[20px] flex flex-col items-start gap-4 whitespace-pre-wrap break-words\">\n<div class=\"markdown prose w-full break-words dark:prose-invert light\">\n<div class=\"woocommerce-product-details__short-description\">\n<p>\u00c7engelk\u00f6y salatal\u0131\u011f\u0131, uzun, ince ve \u00e7ekirdeksizdir. Kabu\u011fu ince ve yumu\u015fakt\u0131r. Meyvesi sar\u0131ms\u0131 ye\u015fil renktedir ve i\u00e7i sulu ve \u00e7\u0131t\u0131r \u00e7\u0131t\u0131rd\u0131r. \u00c7engelk\u00f6y salatal\u0131\u011f\u0131, k\u0131vr\u0131ml\u0131 ve \u00e7engelli \u015fekli nedeniyle ad\u0131n\u0131 alm\u0131\u015ft\u0131r. Ayr\u0131ca, lezzeti ve ferahl\u0131\u011f\u0131 nedeniyle olduk\u00e7a pop\u00fcler bir salatal\u0131k t\u00fcr\u00fcd\u00fcr.<\/p>\n<h3>\u00c7engelk\u00f6y Salatal\u0131\u011f\u0131n\u0131n Faydalar\u0131 Nelerdir?<\/h3>\n<p>\u00c7engelk\u00f6y salatal\u0131\u011f\u0131, bir\u00e7ok sa\u011fl\u0131k faydas\u0131 sunan besleyici bir sebzedir. \u0130\u015fte \u00c7engelk\u00f6y salatal\u0131\u011f\u0131n\u0131n faydalar\u0131ndan baz\u0131lar\u0131:<\/p>\n<ul>\n<li>Su i\u00e7eri\u011fi: \u00c7engelk\u00f6y salatal\u0131\u011f\u0131, su i\u00e7eri\u011fi y\u00fcksek bir sebzedir ve v\u00fccudun su ihtiyac\u0131n\u0131 kar\u015f\u0131lamaya yard\u0131mc\u0131 olabilir.<\/li>\n<li>Lif i\u00e7eri\u011fi: \u00c7engelk\u00f6y salatal\u0131\u011f\u0131, lif i\u00e7eri\u011fi nedeniyle sindirim sa\u011fl\u0131\u011f\u0131 i\u00e7in faydal\u0131d\u0131r ve kab\u0131zl\u0131k gibi sindirim sorunlar\u0131n\u0131 \u00f6nleyebilir.<\/li>\n<li>Antioksidanlar: \u00c7engelk\u00f6y salatal\u0131\u011f\u0131, antioksidanlar a\u00e7\u0131s\u0131ndan zengindir ve serbest radikallerin neden oldu\u011fu h\u00fccre hasar\u0131n\u0131 \u00f6nleyebilir.<\/li>\n<li>Cilt sa\u011fl\u0131\u011f\u0131: \u00c7engelk\u00f6y salatal\u0131\u011f\u0131, cilt sa\u011fl\u0131\u011f\u0131 i\u00e7in faydal\u0131d\u0131r ve cildi nemlendirebilir, sivilce ve leke olu\u015fumunu azaltabilir.<\/li>\n<\/ul>\n<\/div>\n<div class=\"yith-wcwl-add-to-wishlist add-to-wishlist-3725  wishlist-fragment on-first-load\" data-fragment-ref=\"3725\" data-fragment-options=\"{&quot;base_url&quot;:&quot;&quot;,&quot;in_default_wishlist&quot;:false,&quot;is_single&quot;:true,&quot;show_exists&quot;:false,&quot;product_id&quot;:3725,&quot;parent_product_id&quot;:3725,&quot;product_type&quot;:&quot;simple&quot;,&quot;show_view&quot;:true,&quot;browse_wishlist_text&quot;:&quot;Browse wishlist&quot;,&quot;already_in_wishslist_text&quot;:&quot;The product is already in your wishlist!&quot;,&quot;product_added_text&quot;:&quot;\\u00dcr\\u00fcn eklendi!&quot;,&quot;heading_icon&quot;:&quot;fa-heart-o&quot;,&quot;available_multi_wishlist&quot;:false,&quot;disable_wishlist&quot;:false,&quot;show_count&quot;:false,&quot;ajax_loading&quot;:false,&quot;loop_position&quot;:&quot;after_add_to_cart&quot;,&quot;item&quot;:&quot;add_to_wishlist&quot;}\">\n<div class=\"yith-wcwl-add-button\"><\/div>\n<\/div>\n<\/div>\n<\/div>\n<\/div>\n<\/div>\n<\/div>\n<\/div>\n<\/div>\n<\/div>\n<\/div>\n","protected":false},"featured_media":8244,"comment_status":"open","ping_status":"closed","template":"","meta":[],"etheme_brands":[],"product_brand":[],"product_cat":[68],"product_tag":[105,104,83],"class_list":{"0":"post-8243","1":"product","2":"type-product","3":"status-publish","4":"has-post-thumbnail","6":"product_cat-sebze","7":"product_tag-cengelkoy-salataligi","8":"product_tag-salatalik","9":"product_tag-sebze","11":"first","12":"instock","13":"shipping-taxable","14":"product-type-simple"},"_links":{"self":[{"href":"https:\/\/vitamintarim.com\/en\/wp-json\/wp\/v2\/product\/8243","targetHints":{"allow":["GET"]}}],"collection":[{"href":"https:\/\/vitamintarim.com\/en\/wp-json\/wp\/v2\/product"}],"about":[{"href":"https:\/\/vitamintarim.com\/en\/wp-json\/wp\/v2\/types\/product"}],"replies":[{"embeddable":true,"href":"https:\/\/vitamintarim.com\/en\/wp-json\/wp\/v2\/comments?post=8243"}],"version-history":[{"count":1,"href":"https:\/\/vitamintarim.com\/en\/wp-json\/wp\/v2\/product\/8243\/revisions"}],"predecessor-version":[{"id":8245,"href":"https:\/\/vitamintarim.com\/en\/wp-json\/wp\/v2\/product\/8243\/revisions\/8245"}],"wp:featuredmedia":[{"embeddable":true,"href":"https:\/\/vitamintarim.com\/en\/wp-json\/wp\/v2\/media\/8244"}],"wp:attachment":[{"href":"https:\/\/vitamintarim.com\/en\/wp-json\/wp\/v2\/media?parent=8243"}],"wp:term":[{"taxonomy":"brand","embeddable":true,"href":"https:\/\/vitamintarim.com\/en\/wp-json\/wp\/v2\/etheme_brands?post=8243"},{"taxonomy":"product_brand","embeddable":true,"href":"https:\/\/vitamintarim.com\/en\/wp-json\/wp\/v2\/product_brand?post=8243"},{"taxonomy":"product_cat","embeddable":true,"href":"https:\/\/vitamintarim.com\/en\/wp-json\/wp\/v2\/product_cat?post=8243"},{"taxonomy":"product_tag","embeddable":true,"href":"https:\/\/vitamintarim.com\/en\/wp-json\/wp\/v2\/product_tag?post=8243"}],"curies":[{"name":"wp","href":"https:\/\/api.w.org\/{rel}","templated":true}]}}