{"id":8237,"date":"2023-10-14T11:03:33","date_gmt":"2023-10-14T08:03:33","guid":{"rendered":"http:\/\/band.ist\/vitamin\/?post_type=product&#038;p=8237"},"modified":"2023-10-14T11:04:42","modified_gmt":"2023-10-14T08:04:42","slug":"brokoli","status":"publish","type":"product","link":"https:\/\/vitamintarim.com\/en\/product\/brokoli\/","title":{"rendered":"Brokoli"},"content":{"rendered":"<p>Brokoli, geni\u015f bir yelpazede kullan\u0131m alanlar\u0131na sahip \u00e7ok y\u00f6nl\u00fc bir sebzedir. \u0130\u015fte brokolinin kullan\u0131m alanlar\u0131ndan baz\u0131lar\u0131:<\/p>\n<ol>\n<li>Yemeklerde: Brokoli, \u00e7e\u015fitli yemeklerde kullan\u0131labilir. Sote veya buharda pi\u015firilerek yan\u0131nda protein kaynaklar\u0131 ve tah\u0131llarla birlikte sa\u011fl\u0131kl\u0131 bir yemek yap\u0131labilir. Ayr\u0131ca salatalarda, \u00e7orbada, omletlerde veya sandvi\u00e7lerde de kullan\u0131labilir.<\/li>\n<li>At\u0131\u015ft\u0131rmal\u0131k olarak: Brokoli, sa\u011fl\u0131kl\u0131 bir at\u0131\u015ft\u0131rmal\u0131k olarak t\u00fcketilebilir. \u00c7i\u011f olarak veya hafif bir sosla birlikte servis edilebilir.<\/li>\n<li>Smoothie\u2019lerde: Brokoli, smoothie\u2019lerde kullan\u0131labilir. \u00d6zellikle ye\u015fil smoothie\u2019lerde, di\u011fer sebzeler ve meyvelerle birlikte sa\u011fl\u0131kl\u0131 bir i\u00e7ecek yapmak i\u00e7in kullan\u0131labilir.<\/li>\n<li>Soslar ve dip soslar\u0131nda: Brokoli, soslar ve dip soslar yapmak i\u00e7in kullan\u0131labilir. \u00d6rne\u011fin, humus veya yo\u011furt bazl\u0131 soslar\u0131n i\u00e7ine ekleyerek farkl\u0131 bir tat ve besin de\u011feri kazand\u0131rabilirsiniz.<\/li>\n<li>Tur\u015fusu yap\u0131larak: Brokoli tur\u015fusu, sa\u011fl\u0131kl\u0131 bir at\u0131\u015ft\u0131rmal\u0131k veya garnit\u00fcr olarak kullan\u0131labilir. Tur\u015fu yapmak, brokolinin tazeli\u011fini uzatmak i\u00e7in de iyi bir y\u00f6ntemdir.<\/li>\n<\/ol>\n<p>Brokoli, sa\u011fl\u0131kl\u0131 bir sebze oldu\u011fu i\u00e7in, kullan\u0131m alanlar\u0131 da olduk\u00e7a geni\u015ftir. Kendi zevkinize g\u00f6re farkl\u0131 \u015fekillerde kullanarak t\u00fcketebilirsiniz.<\/p>","protected":false},"excerpt":{"rendered":"<div class=\"group w-full text-gray-800 dark:text-gray-100 border-b border-black\/10 dark:border-gray-900\/50 bg-gray-50 dark:bg-[#444654]\">\n<div class=\"text-base gap-4 md:gap-6 md:max-w-2xl lg:max-w-xl xl:max-w-3xl p-4 md:py-6 flex lg:px-0 m-auto\">\n<div class=\"relative flex w-[calc(100%-50px)] flex-col gap-1 md:gap-3 lg:w-[calc(100%-115px)]\">\n<div class=\"flex flex-grow flex-col gap-3\">\n<div class=\"min-h-[20px] flex flex-col items-start gap-4 whitespace-pre-wrap break-words\">\n<div class=\"markdown prose w-full break-words dark:prose-invert light\">\n<p>Brokoli, lahana ailesine ait bir sebzedir ve ye\u015fil, mor veya beyaz \u00e7i\u00e7ek ba\u015flar\u0131ndan olu\u015fur. Brokoli, d\u00fcnya genelinde yayg\u0131n olarak t\u00fcketilen bir sebzedir ve sa\u011fl\u0131k yararlar\u0131 nedeniyle olduk\u00e7a pop\u00fclerdir. \u0130\u00e7eri\u011finde vitaminler, mineraller, lifler ve antioksidanlar bulunur. Ayr\u0131ca, d\u00fc\u015f\u00fck kalorili ve d\u00fc\u015f\u00fck karbonhidratl\u0131 bir sebzedir, bu nedenle kilo kayb\u0131 programlar\u0131nda da s\u0131k s\u0131k kullan\u0131l\u0131r.<\/p>\n<h3>Brokoli Faydalar\u0131 Nelerdir?<\/h3>\n<p>Brokoli, besleyici bir sebzedir ve v\u00fccudumuz i\u00e7in bir\u00e7ok fayda sa\u011flar. \u0130\u015fte brokolinin baz\u0131 faydalar\u0131:<\/p>\n<ul>\n<li>Antioksidanlar a\u00e7\u0131s\u0131ndan zengindir: Brokoli, antioksidanlar a\u00e7\u0131s\u0131ndan zengin bir sebzedir. Antioksidanlar, h\u00fccrelerimizi serbest radikallerin zararl\u0131 etkilerinden koruyarak kanser gibi bir\u00e7ok hastal\u0131k riskini azalt\u0131r.<\/li>\n<li>\u0130yi bir lif kayna\u011f\u0131d\u0131r: Brokoli, lif a\u00e7\u0131s\u0131ndan zengin bir sebzedir. Lif, sindirim sistemimiz i\u00e7in \u00f6nemlidir ve kab\u0131zl\u0131k gibi sorunlar\u0131 \u00f6nlemeye yard\u0131mc\u0131 olur.<\/li>\n<li>\u0130yi bir C vitamini kayna\u011f\u0131d\u0131r: Brokoli, C vitamini a\u00e7\u0131s\u0131ndan zengin bir sebzedir. C vitamini, ba\u011f\u0131\u015f\u0131kl\u0131k sistemimiz i\u00e7in \u00f6nemlidir ve grip gibi hastal\u0131klara kar\u015f\u0131 sava\u015fmam\u0131za yard\u0131mc\u0131 olur<\/li>\n<\/ul>\n<\/div>\n<\/div>\n<\/div>\n<\/div>\n<\/div>\n<\/div>\n","protected":false},"featured_media":8238,"comment_status":"open","ping_status":"closed","template":"","meta":[],"etheme_brands":[],"product_brand":[],"product_cat":[68],"product_tag":[101,83],"class_list":{"0":"post-8237","1":"product","2":"type-product","3":"status-publish","4":"has-post-thumbnail","6":"product_cat-sebze","7":"product_tag-brokoli","8":"product_tag-sebze","10":"first","11":"instock","12":"shipping-taxable","13":"product-type-simple"},"_links":{"self":[{"href":"https:\/\/vitamintarim.com\/en\/wp-json\/wp\/v2\/product\/8237","targetHints":{"allow":["GET"]}}],"collection":[{"href":"https:\/\/vitamintarim.com\/en\/wp-json\/wp\/v2\/product"}],"about":[{"href":"https:\/\/vitamintarim.com\/en\/wp-json\/wp\/v2\/types\/product"}],"replies":[{"embeddable":true,"href":"https:\/\/vitamintarim.com\/en\/wp-json\/wp\/v2\/comments?post=8237"}],"version-history":[{"count":1,"href":"https:\/\/vitamintarim.com\/en\/wp-json\/wp\/v2\/product\/8237\/revisions"}],"predecessor-version":[{"id":8239,"href":"https:\/\/vitamintarim.com\/en\/wp-json\/wp\/v2\/product\/8237\/revisions\/8239"}],"wp:featuredmedia":[{"embeddable":true,"href":"https:\/\/vitamintarim.com\/en\/wp-json\/wp\/v2\/media\/8238"}],"wp:attachment":[{"href":"https:\/\/vitamintarim.com\/en\/wp-json\/wp\/v2\/media?parent=8237"}],"wp:term":[{"taxonomy":"brand","embeddable":true,"href":"https:\/\/vitamintarim.com\/en\/wp-json\/wp\/v2\/etheme_brands?post=8237"},{"taxonomy":"product_brand","embeddable":true,"href":"https:\/\/vitamintarim.com\/en\/wp-json\/wp\/v2\/product_brand?post=8237"},{"taxonomy":"product_cat","embeddable":true,"href":"https:\/\/vitamintarim.com\/en\/wp-json\/wp\/v2\/product_cat?post=8237"},{"taxonomy":"product_tag","embeddable":true,"href":"https:\/\/vitamintarim.com\/en\/wp-json\/wp\/v2\/product_tag?post=8237"}],"curies":[{"name":"wp","href":"https:\/\/api.w.org\/{rel}","templated":true}]}}