{"id":8234,"date":"2023-10-14T11:02:01","date_gmt":"2023-10-14T08:02:01","guid":{"rendered":"http:\/\/band.ist\/vitamin\/?post_type=product&#038;p=8234"},"modified":"2023-10-14T11:03:16","modified_gmt":"2023-10-14T08:03:16","slug":"bostan-patlican","status":"publish","type":"product","link":"https:\/\/vitamintarim.com\/en\/product\/bostan-patlican\/","title":{"rendered":"Bostan Patl\u0131can"},"content":{"rendered":"<p>Bostan patl\u0131can\u0131, Afrika mutfa\u011f\u0131nda yayg\u0131n olarak kullan\u0131lmaktad\u0131r. Bununla birlikte, son y\u0131llarda di\u011fer \u00fclkelerde de pop\u00fcler hale gelmi\u015ftir ve bir\u00e7ok farkl\u0131 yemek tarifinde kullan\u0131labilir. \u0130\u015fte bostan patl\u0131can\u0131n\u0131n kullan\u0131m alanlar\u0131ndan baz\u0131lar\u0131:<\/p>\n<ol>\n<li>Yemek tarifleri: Bostan patl\u0131can\u0131, bir\u00e7ok yemek tarifinde kullan\u0131labilir. \u00d6zellikle, et yemekleri, sebzeli yemekler, soslar ve \u00e7orbalar i\u00e7in harika bir malzemedir.<\/li>\n<li>Salatalar: Bostan patl\u0131can\u0131, salatalarda kullan\u0131labilir ve lezzetli ve sa\u011fl\u0131kl\u0131 bir alternatif olabilir.<\/li>\n<li>Tur\u015fu: Bostan patl\u0131can\u0131, tur\u015fu yap\u0131m\u0131nda da kullan\u0131labilir ve tur\u015fu sevenler i\u00e7in harika bir se\u00e7enektir.<\/li>\n<li>K\u0131zartma: Bostan patl\u0131can\u0131, k\u0131zartma yapmak i\u00e7in de kullan\u0131labilir ve lezzetli bir at\u0131\u015ft\u0131rmal\u0131k olabilir.<\/li>\n<li>\u00c7orba: Bostan patl\u0131can\u0131, bir\u00e7ok \u00e7orba tarifinde kullan\u0131labilir ve \u00e7orbalar\u0131n lezzetini artt\u0131rabilir.<\/li>\n<li>Kahvalt\u0131: Bostan patl\u0131can\u0131, kahvalt\u0131 i\u00e7in de kullan\u0131labilir ve yumurta ile birlikte pi\u015firilerek lezzetli bir se\u00e7enek olabilir.<\/li>\n<\/ol>\n<p>Bostan patl\u0131can\u0131, \u00e7e\u015fitli yemek tariflerinde kullan\u0131labilecek \u00e7ok y\u00f6nl\u00fc bir sebzedir. Et yemekleri, sebzeli yemekler, salatalar, tur\u015fu, k\u0131zartma, \u00e7orba ve kahvalt\u0131 gibi bir\u00e7ok farkl\u0131 yemek i\u00e7in kullan\u0131labilir.<\/p>","protected":false},"excerpt":{"rendered":"<div class=\"group w-full text-gray-800 dark:text-gray-100 border-b border-black\/10 dark:border-gray-900\/50 bg-gray-50 dark:bg-[#444654]\">\n<div class=\"text-base gap-4 md:gap-6 md:max-w-2xl lg:max-w-xl xl:max-w-3xl p-4 md:py-6 flex lg:px-0 m-auto\">\n<div class=\"relative flex w-[calc(100%-50px)] flex-col gap-1 md:gap-3 lg:w-[calc(100%-115px)]\">\n<div class=\"flex flex-grow flex-col gap-3\">\n<div class=\"min-h-[20px] flex flex-col items-start gap-4 whitespace-pre-wrap break-words\">\n<div class=\"markdown prose w-full break-words dark:prose-invert light\">\n<p>Bostan patl\u0131can\u0131, patl\u0131cangiller (Solanaceae) familyas\u0131ndan bir bitkidir. Bilimsel ad\u0131 \u201cSolanum aethiopicum\u201d olan bostan patl\u0131can\u0131, Afrika\u2019n\u0131n tropikal b\u00f6lgelerinde yeti\u015fir. Yapraklar\u0131 oval bi\u00e7imde ve \u00e7i\u00e7ekleri mor veya beyaz renklidir. Meyveleri, genellikle ye\u015fil renkte, baz\u0131 \u00e7e\u015fitleri ise sar\u0131 veya mor renklidir. Bostan patl\u0131can\u0131n\u0131n tad\u0131, geleneksel patl\u0131cana benzer, ancak daha hafif bir aromas\u0131 vard\u0131r. Bostan patl\u0131can\u0131, Afrika mutfa\u011f\u0131nda yayg\u0131n olarak kullan\u0131lmaktad\u0131r ve son y\u0131llarda di\u011fer \u00fclkelerde de pop\u00fcler hale gelmi\u015ftir.<\/p>\n<h3>Bostan Patl\u0131can\u0131 Faydalar\u0131 Nelerdir?<\/h3>\n<p>Bostan patl\u0131can\u0131, sa\u011fl\u0131kl\u0131 bir sebzedir ve bir\u00e7ok faydas\u0131 vard\u0131r. \u0130\u015fte bostan patl\u0131can\u0131n\u0131n baz\u0131 faydalar\u0131:<\/p>\n<ol>\n<li>Antioksidanlar a\u00e7\u0131s\u0131ndan zengindir: Bostan patl\u0131can\u0131, antioksidanlar a\u00e7\u0131s\u0131ndan zengindir ve serbest radikallerin neden oldu\u011fu h\u00fccresel hasar\u0131 \u00f6nleyebilir.<\/li>\n<li>Sindirim sa\u011fl\u0131\u011f\u0131na faydal\u0131d\u0131r: Bostan patl\u0131can\u0131, lif a\u00e7\u0131s\u0131ndan zengindir ve sindirim sa\u011fl\u0131\u011f\u0131na faydal\u0131d\u0131r. Ayr\u0131ca, kab\u0131zl\u0131k ve di\u011fer sindirim sorunlar\u0131na kar\u015f\u0131 etkilidir.<\/li>\n<li>Ba\u011f\u0131\u015f\u0131kl\u0131k sistemini g\u00fc\u00e7lendirir: Bostan patl\u0131can\u0131, ba\u011f\u0131\u015f\u0131kl\u0131k sistemini g\u00fc\u00e7lendiren ve v\u00fccudu hastal\u0131klara kar\u015f\u0131 koruyan C vitamini a\u00e7\u0131s\u0131ndan zengindir.<\/li>\n<li>G\u00f6z sa\u011fl\u0131\u011f\u0131na faydal\u0131d\u0131r: Bostan patl\u0131can\u0131, g\u00f6z sa\u011fl\u0131\u011f\u0131 i\u00e7in \u00f6nemli olan beta-karoten a\u00e7\u0131s\u0131ndan zengindir.<\/li>\n<\/ol>\n<\/div>\n<\/div>\n<\/div>\n<\/div>\n<\/div>\n<\/div>\n","protected":false},"featured_media":8235,"comment_status":"open","ping_status":"closed","template":"","meta":[],"etheme_brands":[],"product_brand":[],"product_cat":[68],"product_tag":[100,99,83],"class_list":{"0":"post-8234","1":"product","2":"type-product","3":"status-publish","4":"has-post-thumbnail","6":"product_cat-sebze","7":"product_tag-boston-patlican","8":"product_tag-patlican","9":"product_tag-sebze","11":"first","12":"instock","13":"shipping-taxable","14":"product-type-simple"},"_links":{"self":[{"href":"https:\/\/vitamintarim.com\/en\/wp-json\/wp\/v2\/product\/8234","targetHints":{"allow":["GET"]}}],"collection":[{"href":"https:\/\/vitamintarim.com\/en\/wp-json\/wp\/v2\/product"}],"about":[{"href":"https:\/\/vitamintarim.com\/en\/wp-json\/wp\/v2\/types\/product"}],"replies":[{"embeddable":true,"href":"https:\/\/vitamintarim.com\/en\/wp-json\/wp\/v2\/comments?post=8234"}],"version-history":[{"count":1,"href":"https:\/\/vitamintarim.com\/en\/wp-json\/wp\/v2\/product\/8234\/revisions"}],"predecessor-version":[{"id":8236,"href":"https:\/\/vitamintarim.com\/en\/wp-json\/wp\/v2\/product\/8234\/revisions\/8236"}],"wp:featuredmedia":[{"embeddable":true,"href":"https:\/\/vitamintarim.com\/en\/wp-json\/wp\/v2\/media\/8235"}],"wp:attachment":[{"href":"https:\/\/vitamintarim.com\/en\/wp-json\/wp\/v2\/media?parent=8234"}],"wp:term":[{"taxonomy":"brand","embeddable":true,"href":"https:\/\/vitamintarim.com\/en\/wp-json\/wp\/v2\/etheme_brands?post=8234"},{"taxonomy":"product_brand","embeddable":true,"href":"https:\/\/vitamintarim.com\/en\/wp-json\/wp\/v2\/product_brand?post=8234"},{"taxonomy":"product_cat","embeddable":true,"href":"https:\/\/vitamintarim.com\/en\/wp-json\/wp\/v2\/product_cat?post=8234"},{"taxonomy":"product_tag","embeddable":true,"href":"https:\/\/vitamintarim.com\/en\/wp-json\/wp\/v2\/product_tag?post=8234"}],"curies":[{"name":"wp","href":"https:\/\/api.w.org\/{rel}","templated":true}]}}